{"id":782,"date":"2025-04-10T13:03:15","date_gmt":"2025-04-10T11:03:15","guid":{"rendered":"https:\/\/auragroupefr.sesiom.dev\/auraes\/?page_id=782"},"modified":"2025-09-29T17:12:28","modified_gmt":"2025-09-29T15:12:28","slug":"equipe","status":"publish","type":"page","link":"https:\/\/auragroupefr.sesiom.dev\/auraes\/equipe\/","title":{"rendered":"Equipe"},"content":{"rendered":"\t\t<div data-elementor-type=\"wp-page\" data-elementor-id=\"782\" class=\"elementor elementor-782\" data-elementor-post-type=\"page\">\n\t\t\t\t<div class=\"elementor-element elementor-element-ca45843 e-con-full e-flex e-con e-parent\" data-id=\"ca45843\" data-element_type=\"container\" data-e-type=\"container\">\n\t\t\t\t<div class=\"elementor-element elementor-element-6760593 elementor-widget elementor-widget-shortcode\" data-id=\"6760593\" data-element_type=\"widget\" data-e-type=\"widget\" data-widget_type=\"shortcode.default\">\n\t\t\t\t<div class=\"elementor-widget-container\">\n\t\t\t\t\t\t\t<div class=\"elementor-shortcode\">\t\t<div data-elementor-type=\"container\" data-elementor-id=\"520\" class=\"elementor elementor-520\" data-elementor-post-type=\"elementor_library\">\n\t\t\t\t<div class=\"elementor-element elementor-element-392b8003 e-flex e-con-boxed e-con e-parent\" data-id=\"392b8003\" data-element_type=\"container\" data-e-type=\"container\" data-settings=\"{&quot;background_background&quot;:&quot;classic&quot;}\">\n\t\t\t\t\t<div class=\"e-con-inner\">\n\t\t<div class=\"elementor-element elementor-element-2bd118cb e-con-full e-flex e-con e-child\" data-id=\"2bd118cb\" data-element_type=\"container\" data-e-type=\"container\" data-settings=\"{&quot;background_background&quot;:&quot;classic&quot;}\">\n\t\t\t\t<div class=\"elementor-element elementor-element-544cdac7 elementor-widget__width-inherit elementor-widget elementor-widget-heading\" data-id=\"544cdac7\" data-element_type=\"widget\" data-e-type=\"widget\" data-widget_type=\"heading.default\">\n\t\t\t\t<div class=\"elementor-widget-container\">\n\t\t\t\t\t<div class=\"elementor-heading-title elementor-size-default\">D\u00e9couvrez<\/div>\t\t\t\t<\/div>\n\t\t\t\t<\/div>\n\t\t\t\t<div class=\"elementor-element elementor-element-b687769 elementor-widget__width-inherit elementor-widget elementor-widget-heading\" data-id=\"b687769\" data-element_type=\"widget\" data-e-type=\"widget\" data-widget_type=\"heading.default\">\n\t\t\t\t<div class=\"elementor-widget-container\">\n\t\t\t\t\t<h1 class=\"elementor-heading-title elementor-size-default\">L'\u00e9quipe Aura \u00c9lectricit\u00e9 Services<\/h1>\t\t\t\t<\/div>\n\t\t\t\t<\/div>\n\t\t\t\t<div class=\"elementor-element elementor-element-3a204ca elementor-widget__width-inherit elementor-widget elementor-widget-heading\" data-id=\"3a204ca\" data-element_type=\"widget\" data-e-type=\"widget\" data-widget_type=\"heading.default\">\n\t\t\t\t<div class=\"elementor-widget-container\">\n\t\t\t\t\t<h2 class=\"elementor-heading-title elementor-size-default\">Une \u00e9quipe sp\u00e9cialis\u00e9e dans la s\u00e9curit\u00e9 \u00e9lectronique, la domotique et les bornes de recharge pour v\u00e9hicules \u00e9lectriques<\/h2>\t\t\t\t<\/div>\n\t\t\t\t<\/div>\n\t\t\t\t<div class=\"elementor-element elementor-element-6656eed5 elementor-align-left elementor-mobile-align-left elementor-widget__width-inherit elementor-widget elementor-widget-breadcrumbs\" data-id=\"6656eed5\" data-element_type=\"widget\" data-e-type=\"widget\" data-widget_type=\"breadcrumbs.default\">\n\t\t\t\t<div class=\"elementor-widget-container\">\n\t\t\t\t\t<p id=\"breadcrumbs\"><span><span><a href=\"https:\/\/auragroupefr.sesiom.dev\/auraes\/\">Accueil<\/a><\/span><\/span><\/p>\t\t\t\t<\/div>\n\t\t\t\t<\/div>\n\t\t\t\t<\/div>\n\t\t\t\t\t<\/div>\n\t\t\t\t<\/div>\n\t\t\t\t<\/div>\n\t\t<\/div>\n\t\t\t\t\t\t<\/div>\n\t\t\t\t<\/div>\n\t\t\t\t<\/div>\n\t\t<div class=\"elementor-element elementor-element-d876eb5 e-flex e-con-boxed e-con e-parent\" data-id=\"d876eb5\" data-element_type=\"container\" data-e-type=\"container\">\n\t\t\t\t\t<div class=\"e-con-inner\">\n\t\t\t\t<div class=\"elementor-element elementor-element-b4db11b elementor-widget elementor-widget-heading\" data-id=\"b4db11b\" data-element_type=\"widget\" data-e-type=\"widget\" data-widget_type=\"heading.default\">\n\t\t\t\t<div class=\"elementor-widget-container\">\n\t\t\t\t\t<h3 class=\"elementor-heading-title elementor-size-default\">Nos membres experts<\/h3>\t\t\t\t<\/div>\n\t\t\t\t<\/div>\n\t\t\t\t<div class=\"elementor-element elementor-element-e358211 elementor-widget elementor-widget-heading\" data-id=\"e358211\" data-element_type=\"widget\" data-e-type=\"widget\" data-widget_type=\"heading.default\">\n\t\t\t\t<div class=\"elementor-widget-container\">\n\t\t\t\t\t<div class=\"elementor-heading-title elementor-size-default\">Une \u00e9quipe d\u00e9di\u00e9e, d\u00e9vou\u00e9e, et \u00e0 l\u2019\u00e9coute, en \u00e9troite collaboration avec ses clients, dans l\u2019accompagnement de tous leurs projets.\n<\/div>\t\t\t\t<\/div>\n\t\t\t\t<\/div>\n\t\t<div class=\"elementor-element elementor-element-88aeb9b e-flex e-con-boxed e-con e-child\" data-id=\"88aeb9b\" data-element_type=\"container\" data-e-type=\"container\">\n\t\t\t\t\t<div class=\"e-con-inner\">\n\t\t<div class=\"elementor-element elementor-element-e3da2b1 e-con-full e-flex e-con e-child\" data-id=\"e3da2b1\" data-element_type=\"container\" data-e-type=\"container\" data-settings=\"{&quot;background_background&quot;:&quot;classic&quot;}\">\n\t\t<div class=\"elementor-element elementor-element-9da6cde e-flex e-con-boxed e-con e-child\" data-id=\"9da6cde\" data-element_type=\"container\" data-e-type=\"container\">\n\t\t\t\t\t<div class=\"e-con-inner\">\n\t\t\t\t<div class=\"elementor-element elementor-element-990255c elementor-widget__width-initial elementor-widget elementor-widget-heading\" data-id=\"990255c\" data-element_type=\"widget\" data-e-type=\"widget\" data-widget_type=\"heading.default\">\n\t\t\t\t<div class=\"elementor-widget-container\">\n\t\t\t\t\t<div class=\"elementor-heading-title elementor-size-default\">COMMERCIAL<\/div>\t\t\t\t<\/div>\n\t\t\t\t<\/div>\n\t\t\t\t<div class=\"elementor-element elementor-element-ecec23d elementor-widget elementor-widget-image\" data-id=\"ecec23d\" data-element_type=\"widget\" data-e-type=\"widget\" data-widget_type=\"image.default\">\n\t\t\t\t<div class=\"elementor-widget-container\">\n\t\t\t\t\t\t\t\t\t\t\t\t\t\t\t\t<a href=\"https:\/\/auragroupefr.sesiom.dev\/auraes\/equipe\/\">\n\t\t\t\t\t\t\t<img fetchpriority=\"high\" decoding=\"async\" width=\"800\" height=\"800\" src=\"https:\/\/auragroupefr.sesiom.dev\/auraes\/wp-content\/uploads\/sites\/3\/2025\/04\/aura-groupe_membre-quentin-decrossac.png\" class=\"attachment-full size-full wp-image-842\" alt=\"\" srcset=\"https:\/\/auragroupefr.sesiom.dev\/auraes\/wp-content\/uploads\/sites\/3\/2025\/04\/aura-groupe_membre-quentin-decrossac.png 800w, https:\/\/auragroupefr.sesiom.dev\/auraes\/wp-content\/uploads\/sites\/3\/2025\/04\/aura-groupe_membre-quentin-decrossac-600x600.png 600w, https:\/\/auragroupefr.sesiom.dev\/auraes\/wp-content\/uploads\/sites\/3\/2025\/04\/aura-groupe_membre-quentin-decrossac-300x300.png 300w, https:\/\/auragroupefr.sesiom.dev\/auraes\/wp-content\/uploads\/sites\/3\/2025\/04\/aura-groupe_membre-quentin-decrossac-768x768.png 768w\" sizes=\"(max-width: 800px) 100vw, 800px\" \/>\t\t\t\t\t\t\t\t<\/a>\n\t\t\t\t\t\t\t\t\t\t\t\t\t\t\t<\/div>\n\t\t\t\t<\/div>\n\t\t\t\t\t<\/div>\n\t\t\t\t<\/div>\n\t\t<div class=\"elementor-element elementor-element-b91ec99 e-flex e-con-boxed e-con e-child\" data-id=\"b91ec99\" data-element_type=\"container\" data-e-type=\"container\">\n\t\t\t\t\t<div class=\"e-con-inner\">\n\t\t\t\t<div class=\"elementor-element elementor-element-2f9d02f elementor-widget elementor-widget-heading\" data-id=\"2f9d02f\" data-element_type=\"widget\" data-e-type=\"widget\" data-widget_type=\"heading.default\">\n\t\t\t\t<div class=\"elementor-widget-container\">\n\t\t\t\t\t<div class=\"elementor-heading-title elementor-size-default\">Quentin<\/div>\t\t\t\t<\/div>\n\t\t\t\t<\/div>\n\t\t\t\t<div class=\"elementor-element elementor-element-d9f52e9 elementor-widget elementor-widget-heading\" data-id=\"d9f52e9\" data-element_type=\"widget\" data-e-type=\"widget\" data-widget_type=\"heading.default\">\n\t\t\t\t<div class=\"elementor-widget-container\">\n\t\t\t\t\t<div class=\"elementor-heading-title elementor-size-default\">Charg\u00e9 d'Affaires<\/div>\t\t\t\t<\/div>\n\t\t\t\t<\/div>\n\t\t\t\t<div class=\"elementor-element elementor-element-ce8e047 elementor-widget elementor-widget-heading\" data-id=\"ce8e047\" data-element_type=\"widget\" data-e-type=\"widget\" data-widget_type=\"heading.default\">\n\t\t\t\t<div class=\"elementor-widget-container\">\n\t\t\t\t\t<div class=\"elementor-heading-title elementor-size-default\">Quentin est en charge du suivi et du d\u00e9veloppement commercial. Ses connaissances techniques et sa s\u00e9r\u00e9nit\u00e9, sont ses atouts, pour appr\u00e9hender tout type d\u2019analyse de risque. Il est votre interlocuteur privil\u00e9gi\u00e9 pour vos projets, \u00e0 court, moyen et long terme.<\/div>\t\t\t\t<\/div>\n\t\t\t\t<\/div>\n\t\t\t\t\t<\/div>\n\t\t\t\t<\/div>\n\t\t\t\t<\/div>\n\t\t<div class=\"elementor-element elementor-element-1299c40 e-con-full e-flex e-con e-child\" data-id=\"1299c40\" data-element_type=\"container\" data-e-type=\"container\" data-settings=\"{&quot;background_background&quot;:&quot;classic&quot;}\">\n\t\t<div class=\"elementor-element elementor-element-30acfdd e-flex e-con-boxed e-con e-child\" data-id=\"30acfdd\" data-element_type=\"container\" data-e-type=\"container\">\n\t\t\t\t\t<div class=\"e-con-inner\">\n\t\t\t\t<div class=\"elementor-element elementor-element-7f4eb0b elementor-widget__width-initial elementor-widget elementor-widget-heading\" data-id=\"7f4eb0b\" data-element_type=\"widget\" data-e-type=\"widget\" data-widget_type=\"heading.default\">\n\t\t\t\t<div class=\"elementor-widget-container\">\n\t\t\t\t\t<div class=\"elementor-heading-title elementor-size-default\">TECHNIQUE<\/div>\t\t\t\t<\/div>\n\t\t\t\t<\/div>\n\t\t\t\t<div class=\"elementor-element elementor-element-476bd41 elementor-widget elementor-widget-image\" data-id=\"476bd41\" data-element_type=\"widget\" data-e-type=\"widget\" data-widget_type=\"image.default\">\n\t\t\t\t<div class=\"elementor-widget-container\">\n\t\t\t\t\t\t\t\t\t\t\t\t\t\t\t\t<a href=\"https:\/\/auragroupefr.sesiom.dev\/auraes\/equipe\/\">\n\t\t\t\t\t\t\t<img decoding=\"async\" width=\"800\" height=\"800\" src=\"https:\/\/auragroupefr.sesiom.dev\/auraes\/wp-content\/uploads\/sites\/3\/2025\/04\/aura-groupe_membre-fahd.png\" class=\"attachment-full size-full wp-image-843\" alt=\"\" srcset=\"https:\/\/auragroupefr.sesiom.dev\/auraes\/wp-content\/uploads\/sites\/3\/2025\/04\/aura-groupe_membre-fahd.png 800w, https:\/\/auragroupefr.sesiom.dev\/auraes\/wp-content\/uploads\/sites\/3\/2025\/04\/aura-groupe_membre-fahd-600x600.png 600w, https:\/\/auragroupefr.sesiom.dev\/auraes\/wp-content\/uploads\/sites\/3\/2025\/04\/aura-groupe_membre-fahd-300x300.png 300w, https:\/\/auragroupefr.sesiom.dev\/auraes\/wp-content\/uploads\/sites\/3\/2025\/04\/aura-groupe_membre-fahd-768x768.png 768w\" sizes=\"(max-width: 800px) 100vw, 800px\" \/>\t\t\t\t\t\t\t\t<\/a>\n\t\t\t\t\t\t\t\t\t\t\t\t\t\t\t<\/div>\n\t\t\t\t<\/div>\n\t\t\t\t\t<\/div>\n\t\t\t\t<\/div>\n\t\t<div class=\"elementor-element elementor-element-4c6f0ee e-flex e-con-boxed e-con e-child\" data-id=\"4c6f0ee\" data-element_type=\"container\" data-e-type=\"container\">\n\t\t\t\t\t<div class=\"e-con-inner\">\n\t\t\t\t<div class=\"elementor-element elementor-element-21b9ac5 elementor-widget elementor-widget-heading\" data-id=\"21b9ac5\" data-element_type=\"widget\" data-e-type=\"widget\" data-widget_type=\"heading.default\">\n\t\t\t\t<div class=\"elementor-widget-container\">\n\t\t\t\t\t<div class=\"elementor-heading-title elementor-size-default\">Fahd<\/div>\t\t\t\t<\/div>\n\t\t\t\t<\/div>\n\t\t\t\t<div class=\"elementor-element elementor-element-e062731 elementor-widget elementor-widget-heading\" data-id=\"e062731\" data-element_type=\"widget\" data-e-type=\"widget\" data-widget_type=\"heading.default\">\n\t\t\t\t<div class=\"elementor-widget-container\">\n\t\t\t\t\t<div class=\"elementor-heading-title elementor-size-default\">Technicien<\/div>\t\t\t\t<\/div>\n\t\t\t\t<\/div>\n\t\t\t\t<div class=\"elementor-element elementor-element-7b1d437 elementor-widget elementor-widget-heading\" data-id=\"7b1d437\" data-element_type=\"widget\" data-e-type=\"widget\" data-widget_type=\"heading.default\">\n\t\t\t\t<div class=\"elementor-widget-container\">\n\t\t\t\t\t<div class=\"elementor-heading-title elementor-size-default\">Fahd fait partie de l\u2019\u00e9quipe technique. Sa d\u00e9termination et son \u00e9nergie lui permettent de r\u00e9pondre aux exigences de vos projets. Il effectue l\u2019ensemble des travaux et d\u00e9pannages.<\/div>\t\t\t\t<\/div>\n\t\t\t\t<\/div>\n\t\t\t\t\t<\/div>\n\t\t\t\t<\/div>\n\t\t\t\t<\/div>\n\t\t<div class=\"elementor-element elementor-element-6da47de e-con-full e-flex e-con e-child\" data-id=\"6da47de\" data-element_type=\"container\" data-e-type=\"container\" data-settings=\"{&quot;background_background&quot;:&quot;classic&quot;}\">\n\t\t<div class=\"elementor-element elementor-element-b8be715 e-flex e-con-boxed e-con e-child\" data-id=\"b8be715\" data-element_type=\"container\" data-e-type=\"container\">\n\t\t\t\t\t<div class=\"e-con-inner\">\n\t\t\t\t<div class=\"elementor-element elementor-element-cdfda83 elementor-widget__width-initial elementor-widget elementor-widget-heading\" data-id=\"cdfda83\" data-element_type=\"widget\" data-e-type=\"widget\" data-widget_type=\"heading.default\">\n\t\t\t\t<div class=\"elementor-widget-container\">\n\t\t\t\t\t<div class=\"elementor-heading-title elementor-size-default\">COMMERCIAL<\/div>\t\t\t\t<\/div>\n\t\t\t\t<\/div>\n\t\t\t\t<div class=\"elementor-element elementor-element-b05e638 elementor-widget elementor-widget-image\" data-id=\"b05e638\" data-element_type=\"widget\" data-e-type=\"widget\" data-widget_type=\"image.default\">\n\t\t\t\t<div class=\"elementor-widget-container\">\n\t\t\t\t\t\t\t\t\t\t\t\t\t\t\t\t<a href=\"https:\/\/auragroupefr.sesiom.dev\/auraes\/equipe\/\">\n\t\t\t\t\t\t\t<img decoding=\"async\" width=\"800\" height=\"800\" src=\"https:\/\/auragroupefr.sesiom.dev\/auraes\/wp-content\/uploads\/sites\/3\/2025\/04\/aura-groupe_membre-thomy-zocli.png\" class=\"attachment-full size-full wp-image-844\" alt=\"\" srcset=\"https:\/\/auragroupefr.sesiom.dev\/auraes\/wp-content\/uploads\/sites\/3\/2025\/04\/aura-groupe_membre-thomy-zocli.png 800w, https:\/\/auragroupefr.sesiom.dev\/auraes\/wp-content\/uploads\/sites\/3\/2025\/04\/aura-groupe_membre-thomy-zocli-600x600.png 600w, https:\/\/auragroupefr.sesiom.dev\/auraes\/wp-content\/uploads\/sites\/3\/2025\/04\/aura-groupe_membre-thomy-zocli-300x300.png 300w, https:\/\/auragroupefr.sesiom.dev\/auraes\/wp-content\/uploads\/sites\/3\/2025\/04\/aura-groupe_membre-thomy-zocli-768x768.png 768w\" sizes=\"(max-width: 800px) 100vw, 800px\" \/>\t\t\t\t\t\t\t\t<\/a>\n\t\t\t\t\t\t\t\t\t\t\t\t\t\t\t<\/div>\n\t\t\t\t<\/div>\n\t\t\t\t\t<\/div>\n\t\t\t\t<\/div>\n\t\t<div class=\"elementor-element elementor-element-0e37e6e e-flex e-con-boxed e-con e-child\" data-id=\"0e37e6e\" data-element_type=\"container\" data-e-type=\"container\">\n\t\t\t\t\t<div class=\"e-con-inner\">\n\t\t\t\t<div class=\"elementor-element elementor-element-597e63c elementor-widget elementor-widget-heading\" data-id=\"597e63c\" data-element_type=\"widget\" data-e-type=\"widget\" data-widget_type=\"heading.default\">\n\t\t\t\t<div class=\"elementor-widget-container\">\n\t\t\t\t\t<div class=\"elementor-heading-title elementor-size-default\">Thomy<\/div>\t\t\t\t<\/div>\n\t\t\t\t<\/div>\n\t\t\t\t<div class=\"elementor-element elementor-element-4d2a2e3 elementor-widget elementor-widget-heading\" data-id=\"4d2a2e3\" data-element_type=\"widget\" data-e-type=\"widget\" data-widget_type=\"heading.default\">\n\t\t\t\t<div class=\"elementor-widget-container\">\n\t\t\t\t\t<div class=\"elementor-heading-title elementor-size-default\">Apprenti Charg\u00e9 d'Affaires<\/div>\t\t\t\t<\/div>\n\t\t\t\t<\/div>\n\t\t\t\t<div class=\"elementor-element elementor-element-fb718bd elementor-widget elementor-widget-heading\" data-id=\"fb718bd\" data-element_type=\"widget\" data-e-type=\"widget\" data-widget_type=\"heading.default\">\n\t\t\t\t<div class=\"elementor-widget-container\">\n\t\t\t\t\t<div class=\"elementor-heading-title elementor-size-default\">Thomy est en charge du suivi et du d\u00e9veloppement commercial. Il apprend chaque jour aux c\u00f4t\u00e9s de Quentin. A l\u2019\u00e9coute et appliqu\u00e9, ses connaissances techniques lui permettent d\u2019appr\u00e9hender tous vos besoins. Il est votre interlocuteur privil\u00e9gi\u00e9 pour vos projets, \u00e0 court, moyen et long terme.<\/div>\t\t\t\t<\/div>\n\t\t\t\t<\/div>\n\t\t\t\t\t<\/div>\n\t\t\t\t<\/div>\n\t\t\t\t<\/div>\n\t\t\t\t\t<\/div>\n\t\t\t\t<\/div>\n\t\t\t\t\t<\/div>\n\t\t\t\t<\/div>\n\t\t\t\t<\/div>\n\t\t","protected":false},"excerpt":{"rendered":"<p>Nos membres experts Une \u00e9quipe d\u00e9di\u00e9e, d\u00e9vou\u00e9e, et \u00e0 l\u2019\u00e9coute, en \u00e9troite collaboration avec ses clients, dans l\u2019accompagnement de tous leurs projets. COMMERCIAL Quentin Charg\u00e9 d&rsquo;Affaires Quentin est en charge du suivi et du d\u00e9veloppement commercial. Ses connaissances techniques et sa s\u00e9r\u00e9nit\u00e9, sont ses atouts, pour appr\u00e9hender tout type d\u2019analyse de risque. Il est votre [&hellip;]<\/p>\n","protected":false},"author":4,"featured_media":593,"parent":0,"menu_order":0,"comment_status":"closed","ping_status":"closed","template":"","meta":{"_acf_changed":false,"footnotes":""},"class_list":["post-782","page","type-page","status-publish","has-post-thumbnail","hentry"],"acf":[],"yoast_head":"<!-- This site is optimized with the Yoast SEO plugin v27.1.1 - https:\/\/yoast.com\/product\/yoast-seo-wordpress\/ -->\n<title>Equipe - Aura \u00c9lectricit\u00e9 Services \u00e0 Lyon<\/title>\n<meta name=\"description\" content=\"Rencontrez l&#039;\u00e9quipe passionn\u00e9e experts en s\u00e9curit\u00e9 \u00e9lectronique, domotique et installation de bornes de recharge \u00e0 Lyon.\" \/>\n<meta name=\"robots\" content=\"noindex, follow, max-snippet:-1, max-image-preview:large, max-video-preview:-1\" \/>\n<meta property=\"og:locale\" content=\"fr_FR\" \/>\n<meta property=\"og:type\" content=\"article\" \/>\n<meta property=\"og:title\" content=\"Equipe - Aura \u00c9lectricit\u00e9 Services \u00e0 Lyon\" \/>\n<meta property=\"og:description\" content=\"Rencontrez l&#039;\u00e9quipe passionn\u00e9e experts en s\u00e9curit\u00e9 \u00e9lectronique, domotique et installation de bornes de recharge \u00e0 Lyon.\" \/>\n<meta property=\"og:url\" content=\"https:\/\/auragroupefr.sesiom.dev\/auraes\/equipe\/\" \/>\n<meta property=\"og:site_name\" content=\"AURAES\" \/>\n<meta property=\"article:modified_time\" content=\"2025-09-29T15:12:28+00:00\" \/>\n<meta property=\"og:image\" content=\"https:\/\/auragroupefr.sesiom.dev\/auraes\/wp-content\/uploads\/sites\/3\/2025\/04\/aura-groupe_photo-43.jpg\" \/>\n\t<meta property=\"og:image:width\" content=\"2000\" \/>\n\t<meta property=\"og:image:height\" content=\"1335\" \/>\n\t<meta property=\"og:image:type\" content=\"image\/jpeg\" \/>\n<meta name=\"twitter:card\" content=\"summary_large_image\" \/>\n<meta name=\"twitter:label1\" content=\"Dur\u00e9e de lecture estim\u00e9e\" \/>\n\t<meta name=\"twitter:data1\" content=\"2 minutes\" \/>\n<script type=\"application\/ld+json\" class=\"yoast-schema-graph\">{\"@context\":\"https:\/\/schema.org\",\"@graph\":[{\"@type\":\"WebPage\",\"@id\":\"https:\/\/auragroupefr.sesiom.dev\/auraes\/equipe\/\",\"url\":\"https:\/\/auragroupefr.sesiom.dev\/auraes\/equipe\/\",\"name\":\"Equipe - Aura \u00c9lectricit\u00e9 Services \u00e0 Lyon\",\"isPartOf\":{\"@id\":\"https:\/\/auragroupefr.sesiom.dev\/auraes\/#website\"},\"primaryImageOfPage\":{\"@id\":\"https:\/\/auragroupefr.sesiom.dev\/auraes\/equipe\/#primaryimage\"},\"image\":{\"@id\":\"https:\/\/auragroupefr.sesiom.dev\/auraes\/equipe\/#primaryimage\"},\"thumbnailUrl\":\"https:\/\/auragroupefr.sesiom.dev\/auraes\/wp-content\/uploads\/sites\/3\/2025\/04\/aura-groupe_photo-43.jpg\",\"datePublished\":\"2025-04-10T11:03:15+00:00\",\"dateModified\":\"2025-09-29T15:12:28+00:00\",\"description\":\"Rencontrez l'\u00e9quipe passionn\u00e9e experts en s\u00e9curit\u00e9 \u00e9lectronique, domotique et installation de bornes de recharge \u00e0 Lyon.\",\"breadcrumb\":{\"@id\":\"https:\/\/auragroupefr.sesiom.dev\/auraes\/equipe\/#breadcrumb\"},\"inLanguage\":\"fr-FR\",\"potentialAction\":[{\"@type\":\"ReadAction\",\"target\":[\"https:\/\/auragroupefr.sesiom.dev\/auraes\/equipe\/\"]}]},{\"@type\":\"ImageObject\",\"inLanguage\":\"fr-FR\",\"@id\":\"https:\/\/auragroupefr.sesiom.dev\/auraes\/equipe\/#primaryimage\",\"url\":\"https:\/\/auragroupefr.sesiom.dev\/auraes\/wp-content\/uploads\/sites\/3\/2025\/04\/aura-groupe_photo-43.jpg\",\"contentUrl\":\"https:\/\/auragroupefr.sesiom.dev\/auraes\/wp-content\/uploads\/sites\/3\/2025\/04\/aura-groupe_photo-43.jpg\",\"width\":2000,\"height\":1335},{\"@type\":\"BreadcrumbList\",\"@id\":\"https:\/\/auragroupefr.sesiom.dev\/auraes\/equipe\/#breadcrumb\",\"itemListElement\":[{\"@type\":\"ListItem\",\"position\":1,\"name\":\"Accueil\",\"item\":\"https:\/\/auragroupefr.sesiom.dev\/auraes\/\"},{\"@type\":\"ListItem\",\"position\":2,\"name\":\"Equipe\"}]},{\"@type\":\"WebSite\",\"@id\":\"https:\/\/auragroupefr.sesiom.dev\/auraes\/#website\",\"url\":\"https:\/\/auragroupefr.sesiom.dev\/auraes\/\",\"name\":\"Aura Electricit\u00e9 Services\",\"description\":\"S\u00e9curit\u00e9 \u00e9lectronique, domotique et bornes de recharge.\",\"potentialAction\":[{\"@type\":\"SearchAction\",\"target\":{\"@type\":\"EntryPoint\",\"urlTemplate\":\"https:\/\/auragroupefr.sesiom.dev\/auraes\/?s={search_term_string}\"},\"query-input\":{\"@type\":\"PropertyValueSpecification\",\"valueRequired\":true,\"valueName\":\"search_term_string\"}}],\"inLanguage\":\"fr-FR\"}]}<\/script>\n<!-- \/ Yoast SEO plugin. -->","yoast_head_json":{"title":"Equipe - Aura \u00c9lectricit\u00e9 Services \u00e0 Lyon","description":"Rencontrez l'\u00e9quipe passionn\u00e9e experts en s\u00e9curit\u00e9 \u00e9lectronique, domotique et installation de bornes de recharge \u00e0 Lyon.","robots":{"index":"noindex","follow":"follow","max-snippet":"max-snippet:-1","max-image-preview":"max-image-preview:large","max-video-preview":"max-video-preview:-1"},"og_locale":"fr_FR","og_type":"article","og_title":"Equipe - Aura \u00c9lectricit\u00e9 Services \u00e0 Lyon","og_description":"Rencontrez l'\u00e9quipe passionn\u00e9e experts en s\u00e9curit\u00e9 \u00e9lectronique, domotique et installation de bornes de recharge \u00e0 Lyon.","og_url":"https:\/\/auragroupefr.sesiom.dev\/auraes\/equipe\/","og_site_name":"AURAES","article_modified_time":"2025-09-29T15:12:28+00:00","og_image":[{"width":2000,"height":1335,"url":"https:\/\/auragroupefr.sesiom.dev\/auraes\/wp-content\/uploads\/sites\/3\/2025\/04\/aura-groupe_photo-43.jpg","type":"image\/jpeg"}],"twitter_card":"summary_large_image","twitter_misc":{"Dur\u00e9e de lecture estim\u00e9e":"2 minutes"},"schema":{"@context":"https:\/\/schema.org","@graph":[{"@type":"WebPage","@id":"https:\/\/auragroupefr.sesiom.dev\/auraes\/equipe\/","url":"https:\/\/auragroupefr.sesiom.dev\/auraes\/equipe\/","name":"Equipe - Aura \u00c9lectricit\u00e9 Services \u00e0 Lyon","isPartOf":{"@id":"https:\/\/auragroupefr.sesiom.dev\/auraes\/#website"},"primaryImageOfPage":{"@id":"https:\/\/auragroupefr.sesiom.dev\/auraes\/equipe\/#primaryimage"},"image":{"@id":"https:\/\/auragroupefr.sesiom.dev\/auraes\/equipe\/#primaryimage"},"thumbnailUrl":"https:\/\/auragroupefr.sesiom.dev\/auraes\/wp-content\/uploads\/sites\/3\/2025\/04\/aura-groupe_photo-43.jpg","datePublished":"2025-04-10T11:03:15+00:00","dateModified":"2025-09-29T15:12:28+00:00","description":"Rencontrez l'\u00e9quipe passionn\u00e9e experts en s\u00e9curit\u00e9 \u00e9lectronique, domotique et installation de bornes de recharge \u00e0 Lyon.","breadcrumb":{"@id":"https:\/\/auragroupefr.sesiom.dev\/auraes\/equipe\/#breadcrumb"},"inLanguage":"fr-FR","potentialAction":[{"@type":"ReadAction","target":["https:\/\/auragroupefr.sesiom.dev\/auraes\/equipe\/"]}]},{"@type":"ImageObject","inLanguage":"fr-FR","@id":"https:\/\/auragroupefr.sesiom.dev\/auraes\/equipe\/#primaryimage","url":"https:\/\/auragroupefr.sesiom.dev\/auraes\/wp-content\/uploads\/sites\/3\/2025\/04\/aura-groupe_photo-43.jpg","contentUrl":"https:\/\/auragroupefr.sesiom.dev\/auraes\/wp-content\/uploads\/sites\/3\/2025\/04\/aura-groupe_photo-43.jpg","width":2000,"height":1335},{"@type":"BreadcrumbList","@id":"https:\/\/auragroupefr.sesiom.dev\/auraes\/equipe\/#breadcrumb","itemListElement":[{"@type":"ListItem","position":1,"name":"Accueil","item":"https:\/\/auragroupefr.sesiom.dev\/auraes\/"},{"@type":"ListItem","position":2,"name":"Equipe"}]},{"@type":"WebSite","@id":"https:\/\/auragroupefr.sesiom.dev\/auraes\/#website","url":"https:\/\/auragroupefr.sesiom.dev\/auraes\/","name":"Aura Electricit\u00e9 Services","description":"S\u00e9curit\u00e9 \u00e9lectronique, domotique et bornes de recharge.","potentialAction":[{"@type":"SearchAction","target":{"@type":"EntryPoint","urlTemplate":"https:\/\/auragroupefr.sesiom.dev\/auraes\/?s={search_term_string}"},"query-input":{"@type":"PropertyValueSpecification","valueRequired":true,"valueName":"search_term_string"}}],"inLanguage":"fr-FR"}]}},"_links":{"self":[{"href":"https:\/\/auragroupefr.sesiom.dev\/auraes\/wp-json\/wp\/v2\/pages\/782","targetHints":{"allow":["GET"]}}],"collection":[{"href":"https:\/\/auragroupefr.sesiom.dev\/auraes\/wp-json\/wp\/v2\/pages"}],"about":[{"href":"https:\/\/auragroupefr.sesiom.dev\/auraes\/wp-json\/wp\/v2\/types\/page"}],"author":[{"embeddable":true,"href":"https:\/\/auragroupefr.sesiom.dev\/auraes\/wp-json\/wp\/v2\/users\/4"}],"replies":[{"embeddable":true,"href":"https:\/\/auragroupefr.sesiom.dev\/auraes\/wp-json\/wp\/v2\/comments?post=782"}],"version-history":[{"count":5,"href":"https:\/\/auragroupefr.sesiom.dev\/auraes\/wp-json\/wp\/v2\/pages\/782\/revisions"}],"predecessor-version":[{"id":847,"href":"https:\/\/auragroupefr.sesiom.dev\/auraes\/wp-json\/wp\/v2\/pages\/782\/revisions\/847"}],"wp:featuredmedia":[{"embeddable":true,"href":"https:\/\/auragroupefr.sesiom.dev\/auraes\/wp-json\/wp\/v2\/media\/593"}],"wp:attachment":[{"href":"https:\/\/auragroupefr.sesiom.dev\/auraes\/wp-json\/wp\/v2\/media?parent=782"}],"curies":[{"name":"wp","href":"https:\/\/api.w.org\/{rel}","templated":true}]}}