{"id":783,"date":"2025-04-10T13:01:52","date_gmt":"2025-04-10T11:01:52","guid":{"rendered":"https:\/\/auragroupefr.sesiom.dev\/auraes\/?page_id=783"},"modified":"2025-09-29T17:12:29","modified_gmt":"2025-09-29T15:12:29","slug":"confidentialite","status":"publish","type":"page","link":"https:\/\/auragroupefr.sesiom.dev\/auraes\/confidentialite\/","title":{"rendered":"Politique de confidentialit\u00e9"},"content":{"rendered":"\t\t<div data-elementor-type=\"wp-page\" data-elementor-id=\"783\" class=\"elementor elementor-783\" data-elementor-post-type=\"page\">\n\t\t\t\t<div class=\"elementor-element elementor-element-ca45843 e-con-full e-flex e-con e-parent\" data-id=\"ca45843\" data-element_type=\"container\" data-e-type=\"container\">\n\t\t\t\t<div class=\"elementor-element elementor-element-6760593 elementor-widget elementor-widget-shortcode\" data-id=\"6760593\" data-element_type=\"widget\" data-e-type=\"widget\" data-widget_type=\"shortcode.default\">\n\t\t\t\t<div class=\"elementor-widget-container\">\n\t\t\t\t\t\t\t<div class=\"elementor-shortcode\">\t\t<div data-elementor-type=\"container\" data-elementor-id=\"520\" class=\"elementor elementor-520\" data-elementor-post-type=\"elementor_library\">\n\t\t\t\t<div class=\"elementor-element elementor-element-392b8003 e-flex e-con-boxed e-con e-parent\" data-id=\"392b8003\" data-element_type=\"container\" data-e-type=\"container\" data-settings=\"{&quot;background_background&quot;:&quot;classic&quot;}\">\n\t\t\t\t\t<div class=\"e-con-inner\">\n\t\t<div class=\"elementor-element elementor-element-2bd118cb e-con-full e-flex e-con e-child\" data-id=\"2bd118cb\" data-element_type=\"container\" data-e-type=\"container\" data-settings=\"{&quot;background_background&quot;:&quot;classic&quot;}\">\n\t\t\t\t<div class=\"elementor-element elementor-element-544cdac7 elementor-widget__width-inherit elementor-widget elementor-widget-heading\" data-id=\"544cdac7\" data-element_type=\"widget\" data-e-type=\"widget\" data-widget_type=\"heading.default\">\n\t\t\t\t<div class=\"elementor-widget-container\">\n\t\t\t\t\t<div class=\"elementor-heading-title elementor-size-default\">D\u00e9couvrez notre<\/div>\t\t\t\t<\/div>\n\t\t\t\t<\/div>\n\t\t\t\t<div class=\"elementor-element elementor-element-b687769 elementor-widget__width-inherit elementor-widget elementor-widget-heading\" data-id=\"b687769\" data-element_type=\"widget\" data-e-type=\"widget\" data-widget_type=\"heading.default\">\n\t\t\t\t<div class=\"elementor-widget-container\">\n\t\t\t\t\t<h1 class=\"elementor-heading-title elementor-size-default\">Politique de confidentialit\u00e9<\/h1>\t\t\t\t<\/div>\n\t\t\t\t<\/div>\n\t\t\t\t<div class=\"elementor-element elementor-element-3a204ca elementor-widget__width-inherit elementor-widget elementor-widget-heading\" data-id=\"3a204ca\" data-element_type=\"widget\" data-e-type=\"widget\" data-widget_type=\"heading.default\">\n\t\t\t\t<div class=\"elementor-widget-container\">\n\t\t\t\t\t<h2 class=\"elementor-heading-title elementor-size-default\">Aura \u00c9lectricit\u00e9 Services, expert en syst\u00e8me d'alarme et borne de recharges \u00e0 Lyon vous invite \u00e0 lire sa politique de confidentialit\u00e9 de vos donn\u00e9es.<\/h2>\t\t\t\t<\/div>\n\t\t\t\t<\/div>\n\t\t\t\t<div class=\"elementor-element elementor-element-6656eed5 elementor-align-left elementor-mobile-align-left elementor-widget__width-inherit elementor-widget elementor-widget-breadcrumbs\" data-id=\"6656eed5\" data-element_type=\"widget\" data-e-type=\"widget\" data-widget_type=\"breadcrumbs.default\">\n\t\t\t\t<div class=\"elementor-widget-container\">\n\t\t\t\t\t<p id=\"breadcrumbs\"><span><span><a href=\"https:\/\/auragroupefr.sesiom.dev\/auraes\/\">Accueil<\/a><\/span><\/span><\/p>\t\t\t\t<\/div>\n\t\t\t\t<\/div>\n\t\t\t\t<\/div>\n\t\t\t\t\t<\/div>\n\t\t\t\t<\/div>\n\t\t\t\t<\/div>\n\t\t<\/div>\n\t\t\t\t\t\t<\/div>\n\t\t\t\t<\/div>\n\t\t\t\t<\/div>\n\t\t<div class=\"elementor-element elementor-element-e2b6611 e-flex e-con-boxed e-con e-parent\" data-id=\"e2b6611\" data-element_type=\"container\" data-e-type=\"container\">\n\t\t\t\t\t<div class=\"e-con-inner\">\n\t\t\t\t<div class=\"elementor-element elementor-element-400155f elementor-widget elementor-widget-text-editor\" data-id=\"400155f\" data-element_type=\"widget\" data-e-type=\"widget\" data-settings=\"{&quot;_animation&quot;:&quot;none&quot;}\" data-widget_type=\"text-editor.default\">\n\t\t\t\t<div class=\"elementor-widget-container\">\n\t\t\t\t\t\t\t\t\t<p><strong>Aura \u00c9lectricit\u00e9 Services<\/strong> met \u00e0 votre disposition les informations l\u00e9gales de son entreprise.<strong> Aura \u00c9lectricit\u00e9 Services<\/strong>\u00a0est mentionn\u00e9 ci-dessous comme \u00ab\u00a0La Soci\u00e9t\u00e9\u00a0\u00bb.<\/p>\t\t\t\t\t\t\t\t<\/div>\n\t\t\t\t<\/div>\n\t\t\t\t<div class=\"elementor-element elementor-element-e2601e8 elementor-widget elementor-widget-accordion\" data-id=\"e2601e8\" data-element_type=\"widget\" data-e-type=\"widget\" data-widget_type=\"accordion.default\">\n\t\t\t\t<div class=\"elementor-widget-container\">\n\t\t\t\t\t\t\t<div class=\"elementor-accordion\">\n\t\t\t\t\t\t\t<div class=\"elementor-accordion-item\">\n\t\t\t\t\t<div id=\"elementor-tab-title-2371\" class=\"elementor-tab-title\" data-tab=\"1\" role=\"button\" aria-controls=\"elementor-tab-content-2371\" aria-expanded=\"false\">\n\t\t\t\t\t\t\t\t\t\t\t\t\t<span class=\"elementor-accordion-icon elementor-accordion-icon-right\" aria-hidden=\"true\">\n\t\t\t\t\t\t\t\t\t\t\t\t\t\t\t<span class=\"elementor-accordion-icon-closed\"><svg class=\"e-font-icon-svg e-fas-plus\" viewBox=\"0 0 448 512\" xmlns=\"http:\/\/www.w3.org\/2000\/svg\"><path d=\"M416 208H272V64c0-17.67-14.33-32-32-32h-32c-17.67 0-32 14.33-32 32v144H32c-17.67 0-32 14.33-32 32v32c0 17.67 14.33 32 32 32h144v144c0 17.67 14.33 32 32 32h32c17.67 0 32-14.33 32-32V304h144c17.67 0 32-14.33 32-32v-32c0-17.67-14.33-32-32-32z\"><\/path><\/svg><\/span>\n\t\t\t\t\t\t\t\t<span class=\"elementor-accordion-icon-opened\"><svg class=\"e-font-icon-svg e-fas-minus\" viewBox=\"0 0 448 512\" xmlns=\"http:\/\/www.w3.org\/2000\/svg\"><path d=\"M416 208H32c-17.67 0-32 14.33-32 32v32c0 17.67 14.33 32 32 32h384c17.67 0 32-14.33 32-32v-32c0-17.67-14.33-32-32-32z\"><\/path><\/svg><\/span>\n\t\t\t\t\t\t\t\t\t\t\t\t\t\t<\/span>\n\t\t\t\t\t\t\t\t\t\t\t\t<a class=\"elementor-accordion-title\" tabindex=\"0\">Garantie et responsabilit\u00e9<\/a>\n\t\t\t\t\t<\/div>\n\t\t\t\t\t<div id=\"elementor-tab-content-2371\" class=\"elementor-tab-content elementor-clearfix\" data-tab=\"1\" role=\"region\" aria-labelledby=\"elementor-tab-title-2371\"><p>Tout utilisateur du site reconna\u00eet avoir pris connaissance des pr\u00e9sentes mentions l\u00e9gales et conditions d\u2019utilisation et s\u2019engage \u00e0 les respecter.<\/p><p>La Soci\u00e9t\u00e9 d\u00e9cline l\u2019enti\u00e8re responsabilit\u00e9 pour toutes pertes de donn\u00e9es, inaccessibilit\u00e9, dommages directs ou indirects, dysfonctionnement de mat\u00e9riel, contamination du mat\u00e9riel par un virus ou autres dommages engendr\u00e9s qui pourraient appara\u00eetre des suites de l\u2019acc\u00e8s au site ou de son utilisation.\u00a0<\/p><p>La Soci\u00e9t\u00e9 travaille \u00e0 fournir un contenu fiable et r\u00e9guli\u00e8rement mis \u00e0 jour.<\/p><p>La Soci\u00e9t\u00e9 ne peut garantir que le contenu soit sans erreurs ou omissions. La Soci\u00e9t\u00e9 d\u00e9cline toute responsabilit\u00e9 concernant les erreurs, omissions ou une indisponibilit\u00e9 des informations et des services.<\/p><p>Le pr\u00e9sent site peut \u00e0 tout moment :\u00a0<\/p><ul><li>\u00catre suspendu pour raison de maintenance<\/li><li>\u00catre limit\u00e9 dans son utilisation en partie ou dans sa totalit\u00e9.<\/li><li>\u00catre mis \u00e0 jour dans les \u00e9l\u00e9ments textuels et visuels \u00e0 tout moment.<\/li><\/ul><p>La Soci\u00e9t\u00e9 se garde le droit, et cela, sans pr\u00e9avis quelconque, d\u2019am\u00e9liorer ou de modifier le contenu de son site.<\/p><p>En r\u00e9sulte la reconnaissance pleine et enti\u00e8re de l\u2019utilisateur de se servir de ses informations sous sa responsabilit\u00e9 seule.<\/p><\/div>\n\t\t\t\t<\/div>\n\t\t\t\t\t\t\t<div class=\"elementor-accordion-item\">\n\t\t\t\t\t<div id=\"elementor-tab-title-2372\" class=\"elementor-tab-title\" data-tab=\"2\" role=\"button\" aria-controls=\"elementor-tab-content-2372\" aria-expanded=\"false\">\n\t\t\t\t\t\t\t\t\t\t\t\t\t<span class=\"elementor-accordion-icon elementor-accordion-icon-right\" aria-hidden=\"true\">\n\t\t\t\t\t\t\t\t\t\t\t\t\t\t\t<span class=\"elementor-accordion-icon-closed\"><svg class=\"e-font-icon-svg e-fas-plus\" viewBox=\"0 0 448 512\" xmlns=\"http:\/\/www.w3.org\/2000\/svg\"><path d=\"M416 208H272V64c0-17.67-14.33-32-32-32h-32c-17.67 0-32 14.33-32 32v144H32c-17.67 0-32 14.33-32 32v32c0 17.67 14.33 32 32 32h144v144c0 17.67 14.33 32 32 32h32c17.67 0 32-14.33 32-32V304h144c17.67 0 32-14.33 32-32v-32c0-17.67-14.33-32-32-32z\"><\/path><\/svg><\/span>\n\t\t\t\t\t\t\t\t<span class=\"elementor-accordion-icon-opened\"><svg class=\"e-font-icon-svg e-fas-minus\" viewBox=\"0 0 448 512\" xmlns=\"http:\/\/www.w3.org\/2000\/svg\"><path d=\"M416 208H32c-17.67 0-32 14.33-32 32v32c0 17.67 14.33 32 32 32h384c17.67 0 32-14.33 32-32v-32c0-17.67-14.33-32-32-32z\"><\/path><\/svg><\/span>\n\t\t\t\t\t\t\t\t\t\t\t\t\t\t<\/span>\n\t\t\t\t\t\t\t\t\t\t\t\t<a class=\"elementor-accordion-title\" tabindex=\"0\">Collecte de vos donn\u00e9es personnelles<\/a>\n\t\t\t\t\t<\/div>\n\t\t\t\t\t<div id=\"elementor-tab-content-2372\" class=\"elementor-tab-content elementor-clearfix\" data-tab=\"2\" role=\"region\" aria-labelledby=\"elementor-tab-title-2372\"><p>Vos donn\u00e9es personnelles peuvent \u00eatre collect\u00e9es dans un cadre bien pr\u00e9cis.<\/p><p>Ces informations ne sont utilis\u00e9es que dans le cadre d\u2019une \u00e9ventuelle vente entre les parties concern\u00e9es, \u00e0 savoir La Soci\u00e9t\u00e9 et vous-m\u00eame.<\/p><p>Toutes donn\u00e9es peuvent \u00eatre supprim\u00e9es sur simple demande \u00e9crite \u00e0 l\u2019adresse mail ci-apr\u00e8s :<\/p><p>Enfin, La Soci\u00e9t\u00e9 peut collecter des donn\u00e9es, de mani\u00e8re automatique, concernant votre navigation sur le Site, notamment :<\/p><ul><li>Des donn\u00e9es sur l\u2019utilisation de notre site<\/li><li>Des donn\u00e9es par rapport aux pages que vous visitez<\/li><li>Des donn\u00e9es relatives aux services auxquels vous acc\u00e9dez<\/li><li>Des donn\u00e9es sur votre adresse IP<\/li><li>Des donn\u00e9es par rapport au type de votre navigateur<\/li><li>La dur\u00e9e de votre visite sur le site<\/li><\/ul><p>Ces informations sont collect\u00e9es seulement \u00e0 des fins de statistiques. Elles permettent d\u2019am\u00e9liorer la qualit\u00e9 du site de La Soci\u00e9t\u00e9.<\/p><\/div>\n\t\t\t\t<\/div>\n\t\t\t\t\t\t\t<div class=\"elementor-accordion-item\">\n\t\t\t\t\t<div id=\"elementor-tab-title-2373\" class=\"elementor-tab-title\" data-tab=\"3\" role=\"button\" aria-controls=\"elementor-tab-content-2373\" aria-expanded=\"false\">\n\t\t\t\t\t\t\t\t\t\t\t\t\t<span class=\"elementor-accordion-icon elementor-accordion-icon-right\" aria-hidden=\"true\">\n\t\t\t\t\t\t\t\t\t\t\t\t\t\t\t<span class=\"elementor-accordion-icon-closed\"><svg class=\"e-font-icon-svg e-fas-plus\" viewBox=\"0 0 448 512\" xmlns=\"http:\/\/www.w3.org\/2000\/svg\"><path d=\"M416 208H272V64c0-17.67-14.33-32-32-32h-32c-17.67 0-32 14.33-32 32v144H32c-17.67 0-32 14.33-32 32v32c0 17.67 14.33 32 32 32h144v144c0 17.67 14.33 32 32 32h32c17.67 0 32-14.33 32-32V304h144c17.67 0 32-14.33 32-32v-32c0-17.67-14.33-32-32-32z\"><\/path><\/svg><\/span>\n\t\t\t\t\t\t\t\t<span class=\"elementor-accordion-icon-opened\"><svg class=\"e-font-icon-svg e-fas-minus\" viewBox=\"0 0 448 512\" xmlns=\"http:\/\/www.w3.org\/2000\/svg\"><path d=\"M416 208H32c-17.67 0-32 14.33-32 32v32c0 17.67 14.33 32 32 32h384c17.67 0 32-14.33 32-32v-32c0-17.67-14.33-32-32-32z\"><\/path><\/svg><\/span>\n\t\t\t\t\t\t\t\t\t\t\t\t\t\t<\/span>\n\t\t\t\t\t\t\t\t\t\t\t\t<a class=\"elementor-accordion-title\" tabindex=\"0\">Droit sur vos donn\u00e9es personnelles<\/a>\n\t\t\t\t\t<\/div>\n\t\t\t\t\t<div id=\"elementor-tab-content-2373\" class=\"elementor-tab-content elementor-clearfix\" data-tab=\"3\" role=\"region\" aria-labelledby=\"elementor-tab-title-2373\"><p>Tout utilisateur dispose d\u2019un droit d\u2019acc\u00e8s, de rectification et d\u2019opposition \u00e0 ses donn\u00e9es personnelles.<\/p><p>L\u2019utilisateur a aussi le droit de limiter le traitement de ses donn\u00e9es en utilisant son droit \u00e0 :<\/p><ul><li>La suppression de ses donn\u00e9es personnelles<\/li><li>La modification de ses donn\u00e9es personnelles<\/li><li>L\u2019opposition \u00e0 la collecte de ses donn\u00e9es personnelles<\/li><\/ul><p>La Soci\u00e9t\u00e9 s\u2019engage \u00e0 r\u00e9pondre \u00e0 toute demande \u00e9manant de l\u2019utilisateur, si l\u2019utilisateur en fait la demande \u00e0 l\u2019adresse email ci-apr\u00e8s :<\/p><p>Chaque demande devra \u00eatre accompagn\u00e9e de la photocopie d\u2019un titre d\u2019identit\u00e9 valide et mentionnant l\u2019adresse de l\u2019utilisateur.<\/p><p>La Soci\u00e9t\u00e9 pourra alors entrer en contact avec l\u2019utilisateur pour r\u00e9pondre au mieux \u00e0 sa demande.<\/p><p>Toute r\u00e9ponse sera envoy\u00e9e dans le d\u00e9lai pr\u00e9vu par la loi \u00e0 la suite de la r\u00e9ception de la dite demande.<\/p><p>Depuis la loi n\u00b02016-1321 du 7 octobre 2016, toutes personnes qui le souhaitent peuvent d\u00e9cider du traitement de leurs donn\u00e9es a posteriori de leur d\u00e9c\u00e8s.<\/p><\/div>\n\t\t\t\t<\/div>\n\t\t\t\t\t\t\t<div class=\"elementor-accordion-item\">\n\t\t\t\t\t<div id=\"elementor-tab-title-2374\" class=\"elementor-tab-title\" data-tab=\"4\" role=\"button\" aria-controls=\"elementor-tab-content-2374\" aria-expanded=\"false\">\n\t\t\t\t\t\t\t\t\t\t\t\t\t<span class=\"elementor-accordion-icon elementor-accordion-icon-right\" aria-hidden=\"true\">\n\t\t\t\t\t\t\t\t\t\t\t\t\t\t\t<span class=\"elementor-accordion-icon-closed\"><svg class=\"e-font-icon-svg e-fas-plus\" viewBox=\"0 0 448 512\" xmlns=\"http:\/\/www.w3.org\/2000\/svg\"><path d=\"M416 208H272V64c0-17.67-14.33-32-32-32h-32c-17.67 0-32 14.33-32 32v144H32c-17.67 0-32 14.33-32 32v32c0 17.67 14.33 32 32 32h144v144c0 17.67 14.33 32 32 32h32c17.67 0 32-14.33 32-32V304h144c17.67 0 32-14.33 32-32v-32c0-17.67-14.33-32-32-32z\"><\/path><\/svg><\/span>\n\t\t\t\t\t\t\t\t<span class=\"elementor-accordion-icon-opened\"><svg class=\"e-font-icon-svg e-fas-minus\" viewBox=\"0 0 448 512\" xmlns=\"http:\/\/www.w3.org\/2000\/svg\"><path d=\"M416 208H32c-17.67 0-32 14.33-32 32v32c0 17.67 14.33 32 32 32h384c17.67 0 32-14.33 32-32v-32c0-17.67-14.33-32-32-32z\"><\/path><\/svg><\/span>\n\t\t\t\t\t\t\t\t\t\t\t\t\t\t<\/span>\n\t\t\t\t\t\t\t\t\t\t\t\t<a class=\"elementor-accordion-title\" tabindex=\"0\">Contactez-nous<\/a>\n\t\t\t\t\t<\/div>\n\t\t\t\t\t<div id=\"elementor-tab-content-2374\" class=\"elementor-tab-content elementor-clearfix\" data-tab=\"4\" role=\"region\" aria-labelledby=\"elementor-tab-title-2374\"><p>Pour toute question sur les diff\u00e9rentes informations pr\u00e9sent\u00e9es sur le site ou le site lui-m\u00eame, vous avez la possibilit\u00e9 de nous envoyer un message via le formulaire de contact pr\u00e9sent sur la <a href=\"https:\/\/auragroupefr.sesiom.dev\/auraes\/contact\/\" target=\"_blank\" rel=\"noopener\">Page Contact<\/a>.<\/p><\/div>\n\t\t\t\t<\/div>\n\t\t\t\t\t\t\t\t<\/div>\n\t\t\t\t\t\t<\/div>\n\t\t\t\t<\/div>\n\t\t\t\t\t<\/div>\n\t\t\t\t<\/div>\n\t\t\t\t<\/div>\n\t\t","protected":false},"excerpt":{"rendered":"<p>Aura \u00c9lectricit\u00e9 Services met \u00e0 votre disposition les informations l\u00e9gales de son entreprise. Aura \u00c9lectricit\u00e9 Services\u00a0est mentionn\u00e9 ci-dessous comme \u00ab\u00a0La Soci\u00e9t\u00e9\u00a0\u00bb. Garantie et responsabilit\u00e9 Tout utilisateur du site reconna\u00eet avoir pris connaissance des pr\u00e9sentes mentions l\u00e9gales et conditions d\u2019utilisation et s\u2019engage \u00e0 les respecter. La Soci\u00e9t\u00e9 d\u00e9cline l\u2019enti\u00e8re responsabilit\u00e9 pour toutes pertes de donn\u00e9es, inaccessibilit\u00e9, [&hellip;]<\/p>\n","protected":false},"author":4,"featured_media":616,"parent":0,"menu_order":0,"comment_status":"closed","ping_status":"closed","template":"","meta":{"_acf_changed":false,"footnotes":""},"class_list":["post-783","page","type-page","status-publish","has-post-thumbnail","hentry"],"acf":[],"yoast_head":"<!-- This site is optimized with the Yoast SEO plugin v27.1.1 - https:\/\/yoast.com\/product\/yoast-seo-wordpress\/ -->\n<title>Confidentialit\u00e9 de vos donn\u00e9es - Aura \u00c9lectricit\u00e9 Services \u00e0 Lyon<\/title>\n<meta name=\"description\" content=\"D\u00e9couvrez quelle est la politique de confidentialit\u00e9 mise en place par Aura \u00c9lectricit\u00e9 Services, expert en syst\u00e8me d&#039;alarmes \u00e0 Lyon.\" \/>\n<meta name=\"robots\" content=\"noindex, follow, max-snippet:-1, max-image-preview:large, max-video-preview:-1\" \/>\n<meta property=\"og:locale\" content=\"fr_FR\" \/>\n<meta property=\"og:type\" content=\"article\" \/>\n<meta property=\"og:title\" content=\"Confidentialit\u00e9 de vos donn\u00e9es - Aura \u00c9lectricit\u00e9 Services \u00e0 Lyon\" \/>\n<meta property=\"og:description\" content=\"D\u00e9couvrez quelle est la politique de confidentialit\u00e9 mise en place par Aura \u00c9lectricit\u00e9 Services, expert en syst\u00e8me d&#039;alarmes \u00e0 Lyon.\" \/>\n<meta property=\"og:url\" content=\"https:\/\/auragroupefr.sesiom.dev\/auraes\/confidentialite\/\" \/>\n<meta property=\"og:site_name\" content=\"AURAES\" \/>\n<meta property=\"article:modified_time\" content=\"2025-09-29T15:12:29+00:00\" \/>\n<meta property=\"og:image\" content=\"https:\/\/auragroupefr.sesiom.dev\/auraes\/wp-content\/uploads\/sites\/3\/2025\/04\/aura-groupe_photo-4.jpg\" \/>\n\t<meta property=\"og:image:width\" content=\"2000\" \/>\n\t<meta property=\"og:image:height\" content=\"1336\" \/>\n\t<meta property=\"og:image:type\" content=\"image\/jpeg\" \/>\n<meta name=\"twitter:card\" content=\"summary_large_image\" \/>\n<meta name=\"twitter:label1\" content=\"Dur\u00e9e de lecture estim\u00e9e\" \/>\n\t<meta name=\"twitter:data1\" content=\"3 minutes\" \/>\n<script type=\"application\/ld+json\" class=\"yoast-schema-graph\">{\"@context\":\"https:\/\/schema.org\",\"@graph\":[{\"@type\":\"WebPage\",\"@id\":\"https:\/\/auragroupefr.sesiom.dev\/auraes\/confidentialite\/\",\"url\":\"https:\/\/auragroupefr.sesiom.dev\/auraes\/confidentialite\/\",\"name\":\"Confidentialit\u00e9 de vos donn\u00e9es - Aura \u00c9lectricit\u00e9 Services \u00e0 Lyon\",\"isPartOf\":{\"@id\":\"https:\/\/auragroupefr.sesiom.dev\/auraes\/#website\"},\"primaryImageOfPage\":{\"@id\":\"https:\/\/auragroupefr.sesiom.dev\/auraes\/confidentialite\/#primaryimage\"},\"image\":{\"@id\":\"https:\/\/auragroupefr.sesiom.dev\/auraes\/confidentialite\/#primaryimage\"},\"thumbnailUrl\":\"https:\/\/auragroupefr.sesiom.dev\/auraes\/wp-content\/uploads\/sites\/3\/2025\/04\/aura-groupe_photo-4.jpg\",\"datePublished\":\"2025-04-10T11:01:52+00:00\",\"dateModified\":\"2025-09-29T15:12:29+00:00\",\"description\":\"D\u00e9couvrez quelle est la politique de confidentialit\u00e9 mise en place par Aura \u00c9lectricit\u00e9 Services, expert en syst\u00e8me d'alarmes \u00e0 Lyon.\",\"breadcrumb\":{\"@id\":\"https:\/\/auragroupefr.sesiom.dev\/auraes\/confidentialite\/#breadcrumb\"},\"inLanguage\":\"fr-FR\",\"potentialAction\":[{\"@type\":\"ReadAction\",\"target\":[\"https:\/\/auragroupefr.sesiom.dev\/auraes\/confidentialite\/\"]}]},{\"@type\":\"ImageObject\",\"inLanguage\":\"fr-FR\",\"@id\":\"https:\/\/auragroupefr.sesiom.dev\/auraes\/confidentialite\/#primaryimage\",\"url\":\"https:\/\/auragroupefr.sesiom.dev\/auraes\/wp-content\/uploads\/sites\/3\/2025\/04\/aura-groupe_photo-4.jpg\",\"contentUrl\":\"https:\/\/auragroupefr.sesiom.dev\/auraes\/wp-content\/uploads\/sites\/3\/2025\/04\/aura-groupe_photo-4.jpg\",\"width\":2000,\"height\":1336},{\"@type\":\"BreadcrumbList\",\"@id\":\"https:\/\/auragroupefr.sesiom.dev\/auraes\/confidentialite\/#breadcrumb\",\"itemListElement\":[{\"@type\":\"ListItem\",\"position\":1,\"name\":\"Accueil\",\"item\":\"https:\/\/auragroupefr.sesiom.dev\/auraes\/\"},{\"@type\":\"ListItem\",\"position\":2,\"name\":\"Politique de confidentialit\u00e9\"}]},{\"@type\":\"WebSite\",\"@id\":\"https:\/\/auragroupefr.sesiom.dev\/auraes\/#website\",\"url\":\"https:\/\/auragroupefr.sesiom.dev\/auraes\/\",\"name\":\"Aura Electricit\u00e9 Services\",\"description\":\"S\u00e9curit\u00e9 \u00e9lectronique, domotique et bornes de recharge.\",\"potentialAction\":[{\"@type\":\"SearchAction\",\"target\":{\"@type\":\"EntryPoint\",\"urlTemplate\":\"https:\/\/auragroupefr.sesiom.dev\/auraes\/?s={search_term_string}\"},\"query-input\":{\"@type\":\"PropertyValueSpecification\",\"valueRequired\":true,\"valueName\":\"search_term_string\"}}],\"inLanguage\":\"fr-FR\"}]}<\/script>\n<!-- \/ Yoast SEO plugin. -->","yoast_head_json":{"title":"Confidentialit\u00e9 de vos donn\u00e9es - Aura \u00c9lectricit\u00e9 Services \u00e0 Lyon","description":"D\u00e9couvrez quelle est la politique de confidentialit\u00e9 mise en place par Aura \u00c9lectricit\u00e9 Services, expert en syst\u00e8me d'alarmes \u00e0 Lyon.","robots":{"index":"noindex","follow":"follow","max-snippet":"max-snippet:-1","max-image-preview":"max-image-preview:large","max-video-preview":"max-video-preview:-1"},"og_locale":"fr_FR","og_type":"article","og_title":"Confidentialit\u00e9 de vos donn\u00e9es - Aura \u00c9lectricit\u00e9 Services \u00e0 Lyon","og_description":"D\u00e9couvrez quelle est la politique de confidentialit\u00e9 mise en place par Aura \u00c9lectricit\u00e9 Services, expert en syst\u00e8me d'alarmes \u00e0 Lyon.","og_url":"https:\/\/auragroupefr.sesiom.dev\/auraes\/confidentialite\/","og_site_name":"AURAES","article_modified_time":"2025-09-29T15:12:29+00:00","og_image":[{"width":2000,"height":1336,"url":"https:\/\/auragroupefr.sesiom.dev\/auraes\/wp-content\/uploads\/sites\/3\/2025\/04\/aura-groupe_photo-4.jpg","type":"image\/jpeg"}],"twitter_card":"summary_large_image","twitter_misc":{"Dur\u00e9e de lecture estim\u00e9e":"3 minutes"},"schema":{"@context":"https:\/\/schema.org","@graph":[{"@type":"WebPage","@id":"https:\/\/auragroupefr.sesiom.dev\/auraes\/confidentialite\/","url":"https:\/\/auragroupefr.sesiom.dev\/auraes\/confidentialite\/","name":"Confidentialit\u00e9 de vos donn\u00e9es - Aura \u00c9lectricit\u00e9 Services \u00e0 Lyon","isPartOf":{"@id":"https:\/\/auragroupefr.sesiom.dev\/auraes\/#website"},"primaryImageOfPage":{"@id":"https:\/\/auragroupefr.sesiom.dev\/auraes\/confidentialite\/#primaryimage"},"image":{"@id":"https:\/\/auragroupefr.sesiom.dev\/auraes\/confidentialite\/#primaryimage"},"thumbnailUrl":"https:\/\/auragroupefr.sesiom.dev\/auraes\/wp-content\/uploads\/sites\/3\/2025\/04\/aura-groupe_photo-4.jpg","datePublished":"2025-04-10T11:01:52+00:00","dateModified":"2025-09-29T15:12:29+00:00","description":"D\u00e9couvrez quelle est la politique de confidentialit\u00e9 mise en place par Aura \u00c9lectricit\u00e9 Services, expert en syst\u00e8me d'alarmes \u00e0 Lyon.","breadcrumb":{"@id":"https:\/\/auragroupefr.sesiom.dev\/auraes\/confidentialite\/#breadcrumb"},"inLanguage":"fr-FR","potentialAction":[{"@type":"ReadAction","target":["https:\/\/auragroupefr.sesiom.dev\/auraes\/confidentialite\/"]}]},{"@type":"ImageObject","inLanguage":"fr-FR","@id":"https:\/\/auragroupefr.sesiom.dev\/auraes\/confidentialite\/#primaryimage","url":"https:\/\/auragroupefr.sesiom.dev\/auraes\/wp-content\/uploads\/sites\/3\/2025\/04\/aura-groupe_photo-4.jpg","contentUrl":"https:\/\/auragroupefr.sesiom.dev\/auraes\/wp-content\/uploads\/sites\/3\/2025\/04\/aura-groupe_photo-4.jpg","width":2000,"height":1336},{"@type":"BreadcrumbList","@id":"https:\/\/auragroupefr.sesiom.dev\/auraes\/confidentialite\/#breadcrumb","itemListElement":[{"@type":"ListItem","position":1,"name":"Accueil","item":"https:\/\/auragroupefr.sesiom.dev\/auraes\/"},{"@type":"ListItem","position":2,"name":"Politique de confidentialit\u00e9"}]},{"@type":"WebSite","@id":"https:\/\/auragroupefr.sesiom.dev\/auraes\/#website","url":"https:\/\/auragroupefr.sesiom.dev\/auraes\/","name":"Aura Electricit\u00e9 Services","description":"S\u00e9curit\u00e9 \u00e9lectronique, domotique et bornes de recharge.","potentialAction":[{"@type":"SearchAction","target":{"@type":"EntryPoint","urlTemplate":"https:\/\/auragroupefr.sesiom.dev\/auraes\/?s={search_term_string}"},"query-input":{"@type":"PropertyValueSpecification","valueRequired":true,"valueName":"search_term_string"}}],"inLanguage":"fr-FR"}]}},"_links":{"self":[{"href":"https:\/\/auragroupefr.sesiom.dev\/auraes\/wp-json\/wp\/v2\/pages\/783","targetHints":{"allow":["GET"]}}],"collection":[{"href":"https:\/\/auragroupefr.sesiom.dev\/auraes\/wp-json\/wp\/v2\/pages"}],"about":[{"href":"https:\/\/auragroupefr.sesiom.dev\/auraes\/wp-json\/wp\/v2\/types\/page"}],"author":[{"embeddable":true,"href":"https:\/\/auragroupefr.sesiom.dev\/auraes\/wp-json\/wp\/v2\/users\/4"}],"replies":[{"embeddable":true,"href":"https:\/\/auragroupefr.sesiom.dev\/auraes\/wp-json\/wp\/v2\/comments?post=783"}],"version-history":[{"count":5,"href":"https:\/\/auragroupefr.sesiom.dev\/auraes\/wp-json\/wp\/v2\/pages\/783\/revisions"}],"predecessor-version":[{"id":883,"href":"https:\/\/auragroupefr.sesiom.dev\/auraes\/wp-json\/wp\/v2\/pages\/783\/revisions\/883"}],"wp:featuredmedia":[{"embeddable":true,"href":"https:\/\/auragroupefr.sesiom.dev\/auraes\/wp-json\/wp\/v2\/media\/616"}],"wp:attachment":[{"href":"https:\/\/auragroupefr.sesiom.dev\/auraes\/wp-json\/wp\/v2\/media?parent=783"}],"curies":[{"name":"wp","href":"https:\/\/api.w.org\/{rel}","templated":true}]}}