{"id":785,"date":"2025-04-10T13:01:32","date_gmt":"2025-04-10T11:01:32","guid":{"rendered":"https:\/\/auragroupefr.sesiom.dev\/auraes\/?page_id=785"},"modified":"2025-09-29T17:12:27","modified_gmt":"2025-09-29T15:12:27","slug":"cookies","status":"publish","type":"page","link":"https:\/\/auragroupefr.sesiom.dev\/auraes\/cookies\/","title":{"rendered":"Cookies"},"content":{"rendered":"\t\t<div data-elementor-type=\"wp-page\" data-elementor-id=\"785\" class=\"elementor elementor-785\" data-elementor-post-type=\"page\">\n\t\t\t\t<div class=\"elementor-element elementor-element-ca45843 e-con-full e-flex e-con e-parent\" data-id=\"ca45843\" data-element_type=\"container\" data-e-type=\"container\">\n\t\t\t\t<div class=\"elementor-element elementor-element-6760593 elementor-widget elementor-widget-shortcode\" data-id=\"6760593\" data-element_type=\"widget\" data-e-type=\"widget\" data-widget_type=\"shortcode.default\">\n\t\t\t\t<div class=\"elementor-widget-container\">\n\t\t\t\t\t\t\t<div class=\"elementor-shortcode\">\t\t<div data-elementor-type=\"container\" data-elementor-id=\"520\" class=\"elementor elementor-520\" data-elementor-post-type=\"elementor_library\">\n\t\t\t\t<div class=\"elementor-element elementor-element-392b8003 e-flex e-con-boxed e-con e-parent\" data-id=\"392b8003\" data-element_type=\"container\" data-e-type=\"container\" data-settings=\"{&quot;background_background&quot;:&quot;classic&quot;}\">\n\t\t\t\t\t<div class=\"e-con-inner\">\n\t\t<div class=\"elementor-element elementor-element-2bd118cb e-con-full e-flex e-con e-child\" data-id=\"2bd118cb\" data-element_type=\"container\" data-e-type=\"container\" data-settings=\"{&quot;background_background&quot;:&quot;classic&quot;}\">\n\t\t\t\t<div class=\"elementor-element elementor-element-544cdac7 elementor-widget__width-inherit elementor-widget elementor-widget-heading\" data-id=\"544cdac7\" data-element_type=\"widget\" data-e-type=\"widget\" data-widget_type=\"heading.default\">\n\t\t\t\t<div class=\"elementor-widget-container\">\n\t\t\t\t\t<div class=\"elementor-heading-title elementor-size-default\">Comprenez les<\/div>\t\t\t\t<\/div>\n\t\t\t\t<\/div>\n\t\t\t\t<div class=\"elementor-element elementor-element-b687769 elementor-widget__width-inherit elementor-widget elementor-widget-heading\" data-id=\"b687769\" data-element_type=\"widget\" data-e-type=\"widget\" data-widget_type=\"heading.default\">\n\t\t\t\t<div class=\"elementor-widget-container\">\n\t\t\t\t\t<h1 class=\"elementor-heading-title elementor-size-default\">Cookies<\/h1>\t\t\t\t<\/div>\n\t\t\t\t<\/div>\n\t\t\t\t<div class=\"elementor-element elementor-element-3a204ca elementor-widget__width-inherit elementor-widget elementor-widget-heading\" data-id=\"3a204ca\" data-element_type=\"widget\" data-e-type=\"widget\" data-widget_type=\"heading.default\">\n\t\t\t\t<div class=\"elementor-widget-container\">\n\t\t\t\t\t<h2 class=\"elementor-heading-title elementor-size-default\">Aura Electricit\u00e9 Services, expert en syst\u00e8me d'alarme et borne de recharge \u00e0 Lyon, en Auvergne-Rh\u00f4ne-Alpes.<\/h2>\t\t\t\t<\/div>\n\t\t\t\t<\/div>\n\t\t\t\t<div class=\"elementor-element elementor-element-6656eed5 elementor-align-left elementor-mobile-align-left elementor-widget__width-inherit elementor-widget elementor-widget-breadcrumbs\" data-id=\"6656eed5\" data-element_type=\"widget\" data-e-type=\"widget\" data-widget_type=\"breadcrumbs.default\">\n\t\t\t\t<div class=\"elementor-widget-container\">\n\t\t\t\t\t<p id=\"breadcrumbs\"><span><span><a href=\"https:\/\/auragroupefr.sesiom.dev\/auraes\/\">Accueil<\/a><\/span><\/span><\/p>\t\t\t\t<\/div>\n\t\t\t\t<\/div>\n\t\t\t\t<\/div>\n\t\t\t\t\t<\/div>\n\t\t\t\t<\/div>\n\t\t\t\t<\/div>\n\t\t<\/div>\n\t\t\t\t\t\t<\/div>\n\t\t\t\t<\/div>\n\t\t\t\t<\/div>\n\t\t<div class=\"elementor-element elementor-element-4c688cf e-flex e-con-boxed e-con e-parent\" data-id=\"4c688cf\" data-element_type=\"container\" data-e-type=\"container\">\n\t\t\t\t\t<div class=\"e-con-inner\">\n\t\t\t\t<div class=\"elementor-element elementor-element-0955ac6 elementor-widget elementor-widget-text-editor\" data-id=\"0955ac6\" data-element_type=\"widget\" data-e-type=\"widget\" data-settings=\"{&quot;_animation&quot;:&quot;none&quot;}\" data-widget_type=\"text-editor.default\">\n\t\t\t\t<div class=\"elementor-widget-container\">\n\t\t\t\t\t\t\t\t\t<p><strong>Aura \u00c9lectricit\u00e9 Services<\/strong> met \u00e0 votre disposition les informations l\u00e9gales de son entreprise.<strong> Aura \u00c9lectricit\u00e9 Services<\/strong>\u00a0est mentionn\u00e9 ci-dessous comme \u00ab\u00a0La Soci\u00e9t\u00e9\u00a0\u00bb.<\/p>\t\t\t\t\t\t\t\t<\/div>\n\t\t\t\t<\/div>\n\t\t\t\t<div class=\"elementor-element elementor-element-7fc4ae7 elementor-widget elementor-widget-accordion\" data-id=\"7fc4ae7\" data-element_type=\"widget\" data-e-type=\"widget\" data-widget_type=\"accordion.default\">\n\t\t\t\t<div class=\"elementor-widget-container\">\n\t\t\t\t\t\t\t<div class=\"elementor-accordion\">\n\t\t\t\t\t\t\t<div class=\"elementor-accordion-item\">\n\t\t\t\t\t<div id=\"elementor-tab-title-1331\" class=\"elementor-tab-title\" data-tab=\"1\" role=\"button\" aria-controls=\"elementor-tab-content-1331\" aria-expanded=\"false\">\n\t\t\t\t\t\t\t\t\t\t\t\t\t<span class=\"elementor-accordion-icon elementor-accordion-icon-right\" aria-hidden=\"true\">\n\t\t\t\t\t\t\t\t\t\t\t\t\t\t\t<span class=\"elementor-accordion-icon-closed\"><svg class=\"e-font-icon-svg e-fas-plus\" viewBox=\"0 0 448 512\" xmlns=\"http:\/\/www.w3.org\/2000\/svg\"><path d=\"M416 208H272V64c0-17.67-14.33-32-32-32h-32c-17.67 0-32 14.33-32 32v144H32c-17.67 0-32 14.33-32 32v32c0 17.67 14.33 32 32 32h144v144c0 17.67 14.33 32 32 32h32c17.67 0 32-14.33 32-32V304h144c17.67 0 32-14.33 32-32v-32c0-17.67-14.33-32-32-32z\"><\/path><\/svg><\/span>\n\t\t\t\t\t\t\t\t<span class=\"elementor-accordion-icon-opened\"><svg class=\"e-font-icon-svg e-fas-minus\" viewBox=\"0 0 448 512\" xmlns=\"http:\/\/www.w3.org\/2000\/svg\"><path d=\"M416 208H32c-17.67 0-32 14.33-32 32v32c0 17.67 14.33 32 32 32h384c17.67 0 32-14.33 32-32v-32c0-17.67-14.33-32-32-32z\"><\/path><\/svg><\/span>\n\t\t\t\t\t\t\t\t\t\t\t\t\t\t<\/span>\n\t\t\t\t\t\t\t\t\t\t\t\t<a class=\"elementor-accordion-title\" tabindex=\"0\">Cookies<\/a>\n\t\t\t\t\t<\/div>\n\t\t\t\t\t<div id=\"elementor-tab-content-1331\" class=\"elementor-tab-content elementor-clearfix\" data-tab=\"1\" role=\"region\" aria-labelledby=\"elementor-tab-title-1331\"><p>La Soci\u00e9t\u00e9 peut \u00eatre amen\u00e9e au travers de son site \u00e0 vous demander l\u2019acceptation de d\u00e9p\u00f4t des cookies pour des besoins de statistiques et d\u2019affichage.<\/p><p>Un \u00ab cookie \u00bb est un fichier d\u00e9pos\u00e9 sur un terminal et lu lors de la consultation d\u2019un site web, de la lecture d\u2019un courrier \u00e9lectronique, de l\u2019installation ou de l\u2019utilisation d\u2019un logiciel ou d\u2019une application, et ce quel que soit le type de terminal utilis\u00e9 (ordinateur, tablette, smartphone, \u2026).\u00a0<strong>Source<\/strong>\u00a0:\u00a0<a href=\"https:\/\/www.cnil.fr\/fr\/cookies-traceurs-que-dit-la-loi\">CNIL<\/a><\/p><p>Lors de l\u2019utilisation du site, des cookies pourront \u00eatre d\u00e9pos\u00e9s pour des besoins statistiques au travers d\u2019une banni\u00e8re \u00e9manant d\u2019un service tiers de conformit\u00e9 l\u00e9gale sur le d\u00e9p\u00f4t et la gestion des cookies.<\/p><p>Vous pourrez \u00e0 tout moment retirer votre consentement au travers de cette m\u00eame banni\u00e8re.<\/p><p>En poursuivant votre navigation, vous validez avoir accept\u00e9 l\u2019utilisation des dits \u00ab cookies \u00bb.<\/p><p>Le consentement donn\u00e9 est valable pour une dur\u00e9e de 13 mois.<\/p><p>Pour plus d\u2019informations sur les cookies, La Soci\u00e9t\u00e9 vous oriente vers cet article. <strong>Source<\/strong>\u00a0:\u00a0<a href=\"https:\/\/www.cnil.fr\/fr\/cookies-les-outils-pour-les-maitriser\">CNIL \u2013 Maitriser ses cookies<\/a><\/p><p>En cas d\u2019infraction de quelque nature que ce soit, les parties prenantes mises en cause et les donn\u00e9es collect\u00e9es seront automatiquement transmises aux autorit\u00e9s judiciaires.<\/p><p>Les donn\u00e9es transmises ne b\u00e9n\u00e9ficieront plus de la protection de la r\u00e9glementation relative aux donn\u00e9es personnelles.<\/p><p>Pour toutes informations obligatoires permettant d\u2019acc\u00e9der \u00e0 une fonction sp\u00e9cifique du site, La Soci\u00e9t\u00e9 indiquera l\u2019obligation lors de la saisie des donn\u00e9es.<\/p><\/div>\n\t\t\t\t<\/div>\n\t\t\t\t\t\t\t\t<\/div>\n\t\t\t\t\t\t<\/div>\n\t\t\t\t<\/div>\n\t\t\t\t\t<\/div>\n\t\t\t\t<\/div>\n\t\t\t\t<\/div>\n\t\t","protected":false},"excerpt":{"rendered":"<p>Aura \u00c9lectricit\u00e9 Services met \u00e0 votre disposition les informations l\u00e9gales de son entreprise. Aura \u00c9lectricit\u00e9 Services\u00a0est mentionn\u00e9 ci-dessous comme \u00ab\u00a0La Soci\u00e9t\u00e9\u00a0\u00bb. Cookies La Soci\u00e9t\u00e9 peut \u00eatre amen\u00e9e au travers de son site \u00e0 vous demander l\u2019acceptation de d\u00e9p\u00f4t des cookies pour des besoins de statistiques et d\u2019affichage. Un \u00ab cookie \u00bb est un fichier d\u00e9pos\u00e9 [&hellip;]<\/p>\n","protected":false},"author":4,"featured_media":671,"parent":0,"menu_order":0,"comment_status":"closed","ping_status":"closed","template":"","meta":{"_acf_changed":false,"footnotes":""},"class_list":["post-785","page","type-page","status-publish","has-post-thumbnail","hentry"],"acf":[],"yoast_head":"<!-- This site is optimized with the Yoast SEO plugin v27.1.1 - https:\/\/yoast.com\/product\/yoast-seo-wordpress\/ -->\n<title>Cookies - Aura Electricit\u00e9 Services \u00e0 Lyon.<\/title>\n<meta name=\"description\" content=\"S\u00e9curisons les cookies ensemble avec Aura Electricit\u00e9 Services, syst\u00e8mes d&#039;alarme et borne de recharge \u00e0 Lyon, en Auvergne-Rh\u00f4ne-Alpes.\" \/>\n<meta name=\"robots\" content=\"noindex, follow, max-snippet:-1, max-image-preview:large, max-video-preview:-1\" \/>\n<meta property=\"og:locale\" content=\"fr_FR\" \/>\n<meta property=\"og:type\" content=\"article\" \/>\n<meta property=\"og:title\" content=\"Cookies - Aura Electricit\u00e9 Services \u00e0 Lyon.\" \/>\n<meta property=\"og:description\" content=\"S\u00e9curisons les cookies ensemble avec Aura Electricit\u00e9 Services, syst\u00e8mes d&#039;alarme et borne de recharge \u00e0 Lyon, en Auvergne-Rh\u00f4ne-Alpes.\" \/>\n<meta property=\"og:url\" content=\"https:\/\/auragroupefr.sesiom.dev\/auraes\/cookies\/\" \/>\n<meta property=\"og:site_name\" content=\"AURAES\" \/>\n<meta property=\"article:modified_time\" content=\"2025-09-29T15:12:27+00:00\" \/>\n<meta property=\"og:image\" content=\"https:\/\/auragroupefr.sesiom.dev\/auraes\/wp-content\/uploads\/sites\/3\/2024\/04\/aura-groupe_photo-28.jpg\" \/>\n\t<meta property=\"og:image:width\" content=\"2000\" \/>\n\t<meta property=\"og:image:height\" content=\"1335\" \/>\n\t<meta property=\"og:image:type\" content=\"image\/jpeg\" \/>\n<meta name=\"twitter:card\" content=\"summary_large_image\" \/>\n<meta name=\"twitter:label1\" content=\"Dur\u00e9e de lecture estim\u00e9e\" \/>\n\t<meta name=\"twitter:data1\" content=\"2 minutes\" \/>\n<script type=\"application\/ld+json\" class=\"yoast-schema-graph\">{\"@context\":\"https:\/\/schema.org\",\"@graph\":[{\"@type\":\"WebPage\",\"@id\":\"https:\/\/auragroupefr.sesiom.dev\/auraes\/cookies\/\",\"url\":\"https:\/\/auragroupefr.sesiom.dev\/auraes\/cookies\/\",\"name\":\"Cookies - Aura Electricit\u00e9 Services \u00e0 Lyon.\",\"isPartOf\":{\"@id\":\"https:\/\/auragroupefr.sesiom.dev\/auraes\/#website\"},\"primaryImageOfPage\":{\"@id\":\"https:\/\/auragroupefr.sesiom.dev\/auraes\/cookies\/#primaryimage\"},\"image\":{\"@id\":\"https:\/\/auragroupefr.sesiom.dev\/auraes\/cookies\/#primaryimage\"},\"thumbnailUrl\":\"https:\/\/auragroupefr.sesiom.dev\/auraes\/wp-content\/uploads\/sites\/3\/2024\/04\/aura-groupe_photo-28.jpg\",\"datePublished\":\"2025-04-10T11:01:32+00:00\",\"dateModified\":\"2025-09-29T15:12:27+00:00\",\"description\":\"S\u00e9curisons les cookies ensemble avec Aura Electricit\u00e9 Services, syst\u00e8mes d'alarme et borne de recharge \u00e0 Lyon, en Auvergne-Rh\u00f4ne-Alpes.\",\"breadcrumb\":{\"@id\":\"https:\/\/auragroupefr.sesiom.dev\/auraes\/cookies\/#breadcrumb\"},\"inLanguage\":\"fr-FR\",\"potentialAction\":[{\"@type\":\"ReadAction\",\"target\":[\"https:\/\/auragroupefr.sesiom.dev\/auraes\/cookies\/\"]}]},{\"@type\":\"ImageObject\",\"inLanguage\":\"fr-FR\",\"@id\":\"https:\/\/auragroupefr.sesiom.dev\/auraes\/cookies\/#primaryimage\",\"url\":\"https:\/\/auragroupefr.sesiom.dev\/auraes\/wp-content\/uploads\/sites\/3\/2024\/04\/aura-groupe_photo-28.jpg\",\"contentUrl\":\"https:\/\/auragroupefr.sesiom.dev\/auraes\/wp-content\/uploads\/sites\/3\/2024\/04\/aura-groupe_photo-28.jpg\",\"width\":2000,\"height\":1335},{\"@type\":\"BreadcrumbList\",\"@id\":\"https:\/\/auragroupefr.sesiom.dev\/auraes\/cookies\/#breadcrumb\",\"itemListElement\":[{\"@type\":\"ListItem\",\"position\":1,\"name\":\"Accueil\",\"item\":\"https:\/\/auragroupefr.sesiom.dev\/auraes\/\"},{\"@type\":\"ListItem\",\"position\":2,\"name\":\"Cookies\"}]},{\"@type\":\"WebSite\",\"@id\":\"https:\/\/auragroupefr.sesiom.dev\/auraes\/#website\",\"url\":\"https:\/\/auragroupefr.sesiom.dev\/auraes\/\",\"name\":\"Aura Electricit\u00e9 Services\",\"description\":\"S\u00e9curit\u00e9 \u00e9lectronique, domotique et bornes de recharge.\",\"potentialAction\":[{\"@type\":\"SearchAction\",\"target\":{\"@type\":\"EntryPoint\",\"urlTemplate\":\"https:\/\/auragroupefr.sesiom.dev\/auraes\/?s={search_term_string}\"},\"query-input\":{\"@type\":\"PropertyValueSpecification\",\"valueRequired\":true,\"valueName\":\"search_term_string\"}}],\"inLanguage\":\"fr-FR\"}]}<\/script>\n<!-- \/ Yoast SEO plugin. -->","yoast_head_json":{"title":"Cookies - Aura Electricit\u00e9 Services \u00e0 Lyon.","description":"S\u00e9curisons les cookies ensemble avec Aura Electricit\u00e9 Services, syst\u00e8mes d'alarme et borne de recharge \u00e0 Lyon, en Auvergne-Rh\u00f4ne-Alpes.","robots":{"index":"noindex","follow":"follow","max-snippet":"max-snippet:-1","max-image-preview":"max-image-preview:large","max-video-preview":"max-video-preview:-1"},"og_locale":"fr_FR","og_type":"article","og_title":"Cookies - Aura Electricit\u00e9 Services \u00e0 Lyon.","og_description":"S\u00e9curisons les cookies ensemble avec Aura Electricit\u00e9 Services, syst\u00e8mes d'alarme et borne de recharge \u00e0 Lyon, en Auvergne-Rh\u00f4ne-Alpes.","og_url":"https:\/\/auragroupefr.sesiom.dev\/auraes\/cookies\/","og_site_name":"AURAES","article_modified_time":"2025-09-29T15:12:27+00:00","og_image":[{"width":2000,"height":1335,"url":"https:\/\/auragroupefr.sesiom.dev\/auraes\/wp-content\/uploads\/sites\/3\/2024\/04\/aura-groupe_photo-28.jpg","type":"image\/jpeg"}],"twitter_card":"summary_large_image","twitter_misc":{"Dur\u00e9e de lecture estim\u00e9e":"2 minutes"},"schema":{"@context":"https:\/\/schema.org","@graph":[{"@type":"WebPage","@id":"https:\/\/auragroupefr.sesiom.dev\/auraes\/cookies\/","url":"https:\/\/auragroupefr.sesiom.dev\/auraes\/cookies\/","name":"Cookies - Aura Electricit\u00e9 Services \u00e0 Lyon.","isPartOf":{"@id":"https:\/\/auragroupefr.sesiom.dev\/auraes\/#website"},"primaryImageOfPage":{"@id":"https:\/\/auragroupefr.sesiom.dev\/auraes\/cookies\/#primaryimage"},"image":{"@id":"https:\/\/auragroupefr.sesiom.dev\/auraes\/cookies\/#primaryimage"},"thumbnailUrl":"https:\/\/auragroupefr.sesiom.dev\/auraes\/wp-content\/uploads\/sites\/3\/2024\/04\/aura-groupe_photo-28.jpg","datePublished":"2025-04-10T11:01:32+00:00","dateModified":"2025-09-29T15:12:27+00:00","description":"S\u00e9curisons les cookies ensemble avec Aura Electricit\u00e9 Services, syst\u00e8mes d'alarme et borne de recharge \u00e0 Lyon, en Auvergne-Rh\u00f4ne-Alpes.","breadcrumb":{"@id":"https:\/\/auragroupefr.sesiom.dev\/auraes\/cookies\/#breadcrumb"},"inLanguage":"fr-FR","potentialAction":[{"@type":"ReadAction","target":["https:\/\/auragroupefr.sesiom.dev\/auraes\/cookies\/"]}]},{"@type":"ImageObject","inLanguage":"fr-FR","@id":"https:\/\/auragroupefr.sesiom.dev\/auraes\/cookies\/#primaryimage","url":"https:\/\/auragroupefr.sesiom.dev\/auraes\/wp-content\/uploads\/sites\/3\/2024\/04\/aura-groupe_photo-28.jpg","contentUrl":"https:\/\/auragroupefr.sesiom.dev\/auraes\/wp-content\/uploads\/sites\/3\/2024\/04\/aura-groupe_photo-28.jpg","width":2000,"height":1335},{"@type":"BreadcrumbList","@id":"https:\/\/auragroupefr.sesiom.dev\/auraes\/cookies\/#breadcrumb","itemListElement":[{"@type":"ListItem","position":1,"name":"Accueil","item":"https:\/\/auragroupefr.sesiom.dev\/auraes\/"},{"@type":"ListItem","position":2,"name":"Cookies"}]},{"@type":"WebSite","@id":"https:\/\/auragroupefr.sesiom.dev\/auraes\/#website","url":"https:\/\/auragroupefr.sesiom.dev\/auraes\/","name":"Aura Electricit\u00e9 Services","description":"S\u00e9curit\u00e9 \u00e9lectronique, domotique et bornes de recharge.","potentialAction":[{"@type":"SearchAction","target":{"@type":"EntryPoint","urlTemplate":"https:\/\/auragroupefr.sesiom.dev\/auraes\/?s={search_term_string}"},"query-input":{"@type":"PropertyValueSpecification","valueRequired":true,"valueName":"search_term_string"}}],"inLanguage":"fr-FR"}]}},"_links":{"self":[{"href":"https:\/\/auragroupefr.sesiom.dev\/auraes\/wp-json\/wp\/v2\/pages\/785","targetHints":{"allow":["GET"]}}],"collection":[{"href":"https:\/\/auragroupefr.sesiom.dev\/auraes\/wp-json\/wp\/v2\/pages"}],"about":[{"href":"https:\/\/auragroupefr.sesiom.dev\/auraes\/wp-json\/wp\/v2\/types\/page"}],"author":[{"embeddable":true,"href":"https:\/\/auragroupefr.sesiom.dev\/auraes\/wp-json\/wp\/v2\/users\/4"}],"replies":[{"embeddable":true,"href":"https:\/\/auragroupefr.sesiom.dev\/auraes\/wp-json\/wp\/v2\/comments?post=785"}],"version-history":[{"count":5,"href":"https:\/\/auragroupefr.sesiom.dev\/auraes\/wp-json\/wp\/v2\/pages\/785\/revisions"}],"predecessor-version":[{"id":837,"href":"https:\/\/auragroupefr.sesiom.dev\/auraes\/wp-json\/wp\/v2\/pages\/785\/revisions\/837"}],"wp:featuredmedia":[{"embeddable":true,"href":"https:\/\/auragroupefr.sesiom.dev\/auraes\/wp-json\/wp\/v2\/media\/671"}],"wp:attachment":[{"href":"https:\/\/auragroupefr.sesiom.dev\/auraes\/wp-json\/wp\/v2\/media?parent=785"}],"curies":[{"name":"wp","href":"https:\/\/api.w.org\/{rel}","templated":true}]}}