{"id":304,"date":"2025-04-10T13:52:28","date_gmt":"2025-04-10T11:52:28","guid":{"rendered":"https:\/\/auragroupefr.sesiom.dev\/ge2s\/?page_id=304"},"modified":"2025-09-29T17:13:02","modified_gmt":"2025-09-29T15:13:02","slug":"intervention","status":"publish","type":"page","link":"https:\/\/auragroupefr.sesiom.dev\/ge2s\/intervention\/","title":{"rendered":"Demande d&rsquo;intervention"},"content":{"rendered":"\t\t<div data-elementor-type=\"wp-page\" data-elementor-id=\"304\" class=\"elementor elementor-304\" data-elementor-post-type=\"page\">\n\t\t\t\t<div class=\"elementor-element elementor-element-a0c49da e-con-full e-flex e-con e-parent\" data-id=\"a0c49da\" data-element_type=\"container\" data-e-type=\"container\">\n\t\t\t\t<div class=\"elementor-element elementor-element-c633dec elementor-widget elementor-widget-shortcode\" data-id=\"c633dec\" data-element_type=\"widget\" data-e-type=\"widget\" data-widget_type=\"shortcode.default\">\n\t\t\t\t<div class=\"elementor-widget-container\">\n\t\t\t\t\t\t\t<div class=\"elementor-shortcode\">\t\t<div data-elementor-type=\"container\" data-elementor-id=\"49\" class=\"elementor elementor-49\" data-elementor-post-type=\"elementor_library\">\n\t\t\t\t<div class=\"elementor-element elementor-element-392b8003 e-flex e-con-boxed e-con e-parent\" data-id=\"392b8003\" data-element_type=\"container\" data-e-type=\"container\" data-settings=\"{&quot;background_background&quot;:&quot;classic&quot;}\">\n\t\t\t\t\t<div class=\"e-con-inner\">\n\t\t<div class=\"elementor-element elementor-element-2bd118cb e-con-full e-flex e-con e-child\" data-id=\"2bd118cb\" data-element_type=\"container\" data-e-type=\"container\" data-settings=\"{&quot;background_background&quot;:&quot;classic&quot;}\">\n\t\t\t\t<div class=\"elementor-element elementor-element-544cdac7 elementor-widget__width-inherit elementor-widget elementor-widget-heading\" data-id=\"544cdac7\" data-element_type=\"widget\" data-e-type=\"widget\" data-widget_type=\"heading.default\">\n\t\t\t\t<div class=\"elementor-widget-container\">\n\t\t\t\t\t<div class=\"elementor-heading-title elementor-size-default\">Effectuer une<\/div>\t\t\t\t<\/div>\n\t\t\t\t<\/div>\n\t\t\t\t<div class=\"elementor-element elementor-element-b687769 elementor-widget__width-inherit elementor-widget elementor-widget-heading\" data-id=\"b687769\" data-element_type=\"widget\" data-e-type=\"widget\" data-widget_type=\"heading.default\">\n\t\t\t\t<div class=\"elementor-widget-container\">\n\t\t\t\t\t<h1 class=\"elementor-heading-title elementor-size-default\">Demande d'intervention Grand Est S\u00e9curit\u00e9 Syst\u00e8me<\/h1>\t\t\t\t<\/div>\n\t\t\t\t<\/div>\n\t\t\t\t<div class=\"elementor-element elementor-element-3a204ca elementor-widget__width-inherit elementor-widget elementor-widget-heading\" data-id=\"3a204ca\" data-element_type=\"widget\" data-e-type=\"widget\" data-widget_type=\"heading.default\">\n\t\t\t\t<div class=\"elementor-widget-container\">\n\t\t\t\t\t<h2 class=\"elementor-heading-title elementor-size-default\">Faites confiance aux services de Grand Est S\u00e9curit\u00e9 Syst\u00e8me, s\u00e9curit\u00e9 \u00e9lectronique professionnelle, r\u00e9sidentielle et domotique \u00e0 Bayon.<\/h2>\t\t\t\t<\/div>\n\t\t\t\t<\/div>\n\t\t\t\t<div class=\"elementor-element elementor-element-6656eed5 elementor-align-left elementor-mobile-align-left elementor-widget__width-inherit elementor-widget elementor-widget-breadcrumbs\" data-id=\"6656eed5\" data-element_type=\"widget\" data-e-type=\"widget\" data-widget_type=\"breadcrumbs.default\">\n\t\t\t\t<div class=\"elementor-widget-container\">\n\t\t\t\t\t<p id=\"breadcrumbs\"><span><span><a href=\"https:\/\/auragroupefr.sesiom.dev\/ge2s\/\">Accueil<\/a><\/span><\/span><\/p>\t\t\t\t<\/div>\n\t\t\t\t<\/div>\n\t\t\t\t<\/div>\n\t\t\t\t\t<\/div>\n\t\t\t\t<\/div>\n\t\t\t\t<\/div>\n\t\t<\/div>\n\t\t\t\t\t\t<\/div>\n\t\t\t\t<\/div>\n\t\t\t\t<\/div>\n\t\t<div class=\"elementor-element elementor-element-c3aaf3a e-flex e-con-boxed e-con e-parent\" data-id=\"c3aaf3a\" data-element_type=\"container\" data-e-type=\"container\">\n\t\t\t\t\t<div class=\"e-con-inner\">\n\t\t\t\t<div class=\"elementor-element elementor-element-2b5b8d8 elementor-widget elementor-widget-heading\" data-id=\"2b5b8d8\" data-element_type=\"widget\" data-e-type=\"widget\" data-widget_type=\"heading.default\">\n\t\t\t\t<div class=\"elementor-widget-container\">\n\t\t\t\t\t<div class=\"elementor-heading-title elementor-size-default\">Demande d'intervention<\/div>\t\t\t\t<\/div>\n\t\t\t\t<\/div>\n\t\t\t\t<div class=\"elementor-element elementor-element-1c2493e elementor-widget elementor-widget-heading\" data-id=\"1c2493e\" data-element_type=\"widget\" data-e-type=\"widget\" data-widget_type=\"heading.default\">\n\t\t\t\t<div class=\"elementor-widget-container\">\n\t\t\t\t\t<h3 class=\"elementor-heading-title elementor-size-default\">Formulaire de demande d'intervention<\/h3>\t\t\t\t<\/div>\n\t\t\t\t<\/div>\n\t\t\t\t<div class=\"elementor-element elementor-element-a2d1ef2 elementor-button-align-center elementor-tablet_extra-button-align-center elementor-widget elementor-widget-form\" data-id=\"a2d1ef2\" data-element_type=\"widget\" data-e-type=\"widget\" data-settings=\"{&quot;step_next_label&quot;:&quot;Suivant&quot;,&quot;step_previous_label&quot;:&quot;Pr\\u00e9c\\u00e9dent&quot;,&quot;step_type&quot;:&quot;none&quot;,&quot;step_icon_shape&quot;:&quot;none&quot;,&quot;button_width&quot;:&quot;100&quot;}\" data-widget_type=\"form.default\">\n\t\t\t\t<div class=\"elementor-widget-container\">\n\t\t\t\t\t\t\t<form class=\"elementor-form\" method=\"post\" name=\"Intervention |\u00a0Grand Est S\u00e9curit\u00e9 Syst\u00e8me\" aria-label=\"Intervention |\u00a0Grand Est S\u00e9curit\u00e9 Syst\u00e8me\">\n\t\t\t<input type=\"hidden\" name=\"post_id\" value=\"304\"\/>\n\t\t\t<input type=\"hidden\" name=\"form_id\" value=\"a2d1ef2\"\/>\n\t\t\t<input type=\"hidden\" name=\"referer_title\" value=\"GE2S\" \/>\n\n\t\t\t\n\t\t\t<div class=\"elementor-form-fields-wrapper elementor-labels-above\">\n\t\t\t\t\t\t\t\t<div class=\"elementor-field-type-text elementor-field-group elementor-column elementor-field-group-lastname elementor-col-50 elementor-field-required elementor-mark-required\">\n\t\t\t\t\t\t\t\t\t\t\t\t<label for=\"form-field-lastname\" class=\"elementor-field-label\">\n\t\t\t\t\t\t\t\tNom\t\t\t\t\t\t\t<\/label>\n\t\t\t\t\t\t\t\t\t\t\t\t\t\t<input size=\"1\" type=\"text\" name=\"form_fields[lastname]\" id=\"form-field-lastname\" class=\"elementor-field elementor-size-sm  elementor-field-textual\" placeholder=\"Nom\" required=\"required\">\n\t\t\t\t\t\t\t\t\t\t\t<\/div>\n\t\t\t\t\t\t\t\t<div class=\"elementor-field-type-text elementor-field-group elementor-column elementor-field-group-firstname elementor-col-50 elementor-field-required elementor-mark-required\">\n\t\t\t\t\t\t\t\t\t\t\t\t<label for=\"form-field-firstname\" class=\"elementor-field-label\">\n\t\t\t\t\t\t\t\tPr\u00e9nom\t\t\t\t\t\t\t<\/label>\n\t\t\t\t\t\t\t\t\t\t\t\t\t\t<input size=\"1\" type=\"text\" name=\"form_fields[firstname]\" id=\"form-field-firstname\" class=\"elementor-field elementor-size-sm  elementor-field-textual\" placeholder=\"Pr\u00e9nom\" required=\"required\">\n\t\t\t\t\t\t\t\t\t\t\t<\/div>\n\t\t\t\t\t\t\t\t<div class=\"elementor-field-type-text\">\n\t\t\t\t\t<input size=\"1\" type=\"text\" name=\"form_fields[honeypot]\" id=\"form-field-honeypot\" class=\"elementor-field elementor-size-sm \" style=\"display:none !important;\">\t\t\t\t<\/div>\n\t\t\t\t\t\t\t\t<div class=\"elementor-field-type-tel elementor-field-group elementor-column elementor-field-group-phone elementor-col-50 elementor-field-required elementor-mark-required\">\n\t\t\t\t\t\t\t\t\t\t\t\t<label for=\"form-field-phone\" class=\"elementor-field-label\">\n\t\t\t\t\t\t\t\tT\u00e9l\u00e9phone\t\t\t\t\t\t\t<\/label>\n\t\t\t\t\t\t\t\t<input size=\"1\" type=\"tel\" name=\"form_fields[phone]\" id=\"form-field-phone\" class=\"elementor-field elementor-size-sm  elementor-field-textual\" placeholder=\"T\u00e9l\u00e9phone\" required=\"required\" pattern=\"[0-9()#&amp;+*-=.]+\" title=\"Seuls les caract\u00e8res de num\u00e9ros de t\u00e9l\u00e9phone (#, -, *, etc.) sont accept\u00e9s.\">\n\n\t\t\t\t\t\t<\/div>\n\t\t\t\t\t\t\t\t<div class=\"elementor-field-type-text elementor-field-group elementor-column elementor-field-group-enterprise elementor-col-50\">\n\t\t\t\t\t\t\t\t\t\t\t\t<label for=\"form-field-enterprise\" class=\"elementor-field-label\">\n\t\t\t\t\t\t\t\tSoci\u00e9t\u00e9\t\t\t\t\t\t\t<\/label>\n\t\t\t\t\t\t\t\t\t\t\t\t\t\t<input size=\"1\" type=\"text\" name=\"form_fields[enterprise]\" id=\"form-field-enterprise\" class=\"elementor-field elementor-size-sm  elementor-field-textual\" placeholder=\"Soci\u00e9t\u00e9\">\n\t\t\t\t\t\t\t\t\t\t\t<\/div>\n\t\t\t\t\t\t\t\t<div class=\"elementor-field-type-email elementor-field-group elementor-column elementor-field-group-email elementor-col-100 elementor-field-required elementor-mark-required\">\n\t\t\t\t\t\t\t\t\t\t\t\t<label for=\"form-field-email\" class=\"elementor-field-label\">\n\t\t\t\t\t\t\t\tE-mail\t\t\t\t\t\t\t<\/label>\n\t\t\t\t\t\t\t\t\t\t\t\t\t\t<input size=\"1\" type=\"email\" name=\"form_fields[email]\" id=\"form-field-email\" class=\"elementor-field elementor-size-sm  elementor-field-textual\" placeholder=\"E-mail\" required=\"required\">\n\t\t\t\t\t\t\t\t\t\t\t<\/div>\n\t\t\t\t\t\t\t\t<div class=\"elementor-field-type-textarea elementor-field-group elementor-column elementor-field-group-message elementor-col-100 elementor-field-required elementor-mark-required\">\n\t\t\t\t\t\t\t\t\t\t\t\t<label for=\"form-field-message\" class=\"elementor-field-label\">\n\t\t\t\t\t\t\t\tMessage\t\t\t\t\t\t\t<\/label>\n\t\t\t\t\t\t<textarea class=\"elementor-field-textual elementor-field  elementor-size-sm\" name=\"form_fields[message]\" id=\"form-field-message\" rows=\"4\" placeholder=\"Message\" required=\"required\"><\/textarea>\t\t\t\t<\/div>\n\t\t\t\t\t\t\t\t<div class=\"elementor-field-type-hidden elementor-field-group elementor-column elementor-field-group-date elementor-col-100\">\n\t\t\t\t\t\t\t\t\t\t\t\t\t<input size=\"1\" type=\"hidden\" name=\"form_fields[date]\" id=\"form-field-date\" class=\"elementor-field elementor-size-sm  elementor-field-textual\" value=\"17 avril 2026\">\n\t\t\t\t\t\t\t\t\t\t\t<\/div>\n\t\t\t\t\t\t\t\t<div class=\"elementor-field-type-acceptance elementor-field-group elementor-column elementor-field-group-acceptance elementor-col-100 elementor-field-required elementor-mark-required\">\n\t\t\t\t\t\t\t<div class=\"elementor-field-subgroup\">\n\t\t\t<span class=\"elementor-field-option\">\n\t\t\t\t<input type=\"checkbox\" name=\"form_fields[acceptance]\" id=\"form-field-acceptance\" class=\"elementor-field elementor-size-sm  elementor-acceptance-field\" required=\"required\">\n\t\t\t\t<label for=\"form-field-acceptance\">J'accepte que mes donn\u00e9es soient collect\u00e9es afin d'\u00eatre recontact\u00e9 par Grand Est S\u00e9curit\u00e9 Syst\u00e8me<\/label>\t\t\t<\/span>\n\t\t<\/div>\n\t\t\t\t\t\t<\/div>\n\t\t\t\t\t\t\t\t<div class=\"elementor-field-type-recaptcha_v3 elementor-field-group elementor-column elementor-field-group-recaptcha elementor-col-100 recaptcha_v3-inline\">\n\t\t\t\t\t<div class=\"elementor-field\" id=\"form-field-recaptcha\"><div class=\"elementor-g-recaptcha\" data-sitekey=\"6LeF7wclAAAAAAD66KfE_4ilG1X-0DPqCi-hxuhW\" data-type=\"v3\" data-action=\"Form\" data-badge=\"inline\" data-size=\"invisible\"><\/div><\/div>\t\t\t\t<\/div>\n\t\t\t\t\t\t\t\t<div class=\"elementor-field-group elementor-column elementor-field-type-submit elementor-col-100 e-form__buttons\">\n\t\t\t\t\t<button class=\"elementor-button elementor-size-sm\" type=\"submit\">\n\t\t\t\t\t\t<span class=\"elementor-button-content-wrapper\">\n\t\t\t\t\t\t\t\t\t\t\t\t\t\t\t\t\t\t\t\t\t\t<span class=\"elementor-button-text\">Envoyer<\/span>\n\t\t\t\t\t\t\t\t\t\t\t\t\t<\/span>\n\t\t\t\t\t<\/button>\n\t\t\t\t<\/div>\n\t\t\t<\/div>\n\t\t<\/form>\n\t\t\t\t\t\t<\/div>\n\t\t\t\t<\/div>\n\t\t\t\t\t<\/div>\n\t\t\t\t<\/div>\n\t\t\t\t<\/div>\n\t\t","protected":false},"excerpt":{"rendered":"<p>Demande d&rsquo;intervention Formulaire de demande d&rsquo;intervention<\/p>\n","protected":false},"author":4,"featured_media":126,"parent":0,"menu_order":0,"comment_status":"closed","ping_status":"closed","template":"","meta":{"_acf_changed":false,"footnotes":""},"class_list":["post-304","page","type-page","status-publish","has-post-thumbnail","hentry"],"acf":[],"yoast_head":"<!-- This site is optimized with the Yoast SEO plugin v27.1.1 - https:\/\/yoast.com\/product\/yoast-seo-wordpress\/ -->\n<title>Demande d&#039;Intervention- Expert en Syst\u00e8mes de S\u00e9curit\u00e9 \u00e0 Nancy<\/title>\n<meta name=\"description\" content=\"D\u00e9couvrez les solutions de s\u00e9curit\u00e9 sur mesure propos\u00e9es par Aura Grand-Est, Contactez-nous d\u00e8s aujourd&#039;hui pour des conseils personnalis\u00e9s.\" \/>\n<meta name=\"robots\" content=\"noindex, follow, max-snippet:-1, max-image-preview:large, max-video-preview:-1\" \/>\n<meta property=\"og:locale\" content=\"fr_FR\" \/>\n<meta property=\"og:type\" content=\"article\" \/>\n<meta property=\"og:title\" content=\"Demande d&#039;Intervention- Expert en Syst\u00e8mes de S\u00e9curit\u00e9 \u00e0 Nancy\" \/>\n<meta property=\"og:description\" content=\"D\u00e9couvrez les solutions de s\u00e9curit\u00e9 sur mesure propos\u00e9es par Aura Grand-Est, Contactez-nous d\u00e8s aujourd&#039;hui pour des conseils personnalis\u00e9s.\" \/>\n<meta property=\"og:url\" content=\"https:\/\/auragroupefr.sesiom.dev\/ge2s\/intervention\/\" \/>\n<meta property=\"og:site_name\" content=\"GE2S\" \/>\n<meta property=\"article:modified_time\" content=\"2025-09-29T15:13:02+00:00\" \/>\n<meta property=\"og:image\" content=\"https:\/\/auragroupefr.sesiom.dev\/ge2s\/wp-content\/uploads\/sites\/4\/2025\/04\/aura-groupe_photo-40.jpg\" \/>\n\t<meta property=\"og:image:width\" content=\"2000\" \/>\n\t<meta property=\"og:image:height\" content=\"1333\" \/>\n\t<meta property=\"og:image:type\" content=\"image\/jpeg\" \/>\n<meta name=\"twitter:card\" content=\"summary_large_image\" \/>\n<meta name=\"twitter:label1\" content=\"Dur\u00e9e de lecture estim\u00e9e\" \/>\n\t<meta name=\"twitter:data1\" content=\"1 minute\" \/>\n<script type=\"application\/ld+json\" class=\"yoast-schema-graph\">{\"@context\":\"https:\/\/schema.org\",\"@graph\":[{\"@type\":\"WebPage\",\"@id\":\"https:\/\/auragroupefr.sesiom.dev\/ge2s\/intervention\/\",\"url\":\"https:\/\/auragroupefr.sesiom.dev\/ge2s\/intervention\/\",\"name\":\"Demande d'Intervention- Expert en Syst\u00e8mes de S\u00e9curit\u00e9 \u00e0 Nancy\",\"isPartOf\":{\"@id\":\"https:\/\/auragroupefr.sesiom.dev\/ge2s\/#website\"},\"primaryImageOfPage\":{\"@id\":\"https:\/\/auragroupefr.sesiom.dev\/ge2s\/intervention\/#primaryimage\"},\"image\":{\"@id\":\"https:\/\/auragroupefr.sesiom.dev\/ge2s\/intervention\/#primaryimage\"},\"thumbnailUrl\":\"https:\/\/auragroupefr.sesiom.dev\/ge2s\/wp-content\/uploads\/sites\/4\/2025\/04\/aura-groupe_photo-40.jpg\",\"datePublished\":\"2025-04-10T11:52:28+00:00\",\"dateModified\":\"2025-09-29T15:13:02+00:00\",\"description\":\"D\u00e9couvrez les solutions de s\u00e9curit\u00e9 sur mesure propos\u00e9es par Aura Grand-Est, Contactez-nous d\u00e8s aujourd'hui pour des conseils personnalis\u00e9s.\",\"breadcrumb\":{\"@id\":\"https:\/\/auragroupefr.sesiom.dev\/ge2s\/intervention\/#breadcrumb\"},\"inLanguage\":\"fr-FR\",\"potentialAction\":[{\"@type\":\"ReadAction\",\"target\":[\"https:\/\/auragroupefr.sesiom.dev\/ge2s\/intervention\/\"]}]},{\"@type\":\"ImageObject\",\"inLanguage\":\"fr-FR\",\"@id\":\"https:\/\/auragroupefr.sesiom.dev\/ge2s\/intervention\/#primaryimage\",\"url\":\"https:\/\/auragroupefr.sesiom.dev\/ge2s\/wp-content\/uploads\/sites\/4\/2025\/04\/aura-groupe_photo-40.jpg\",\"contentUrl\":\"https:\/\/auragroupefr.sesiom.dev\/ge2s\/wp-content\/uploads\/sites\/4\/2025\/04\/aura-groupe_photo-40.jpg\",\"width\":2000,\"height\":1333},{\"@type\":\"BreadcrumbList\",\"@id\":\"https:\/\/auragroupefr.sesiom.dev\/ge2s\/intervention\/#breadcrumb\",\"itemListElement\":[{\"@type\":\"ListItem\",\"position\":1,\"name\":\"Accueil\",\"item\":\"https:\/\/auragroupefr.sesiom.dev\/ge2s\/\"},{\"@type\":\"ListItem\",\"position\":2,\"name\":\"Demande d&rsquo;intervention\"}]},{\"@type\":\"WebSite\",\"@id\":\"https:\/\/auragroupefr.sesiom.dev\/ge2s\/#website\",\"url\":\"https:\/\/auragroupefr.sesiom.dev\/ge2s\/\",\"name\":\"Grand Est S\u00e9curit\u00e9 Syst\u00e8me\",\"description\":\"La s\u00e9curit\u00e9 et l&#039;innovation pour tous\",\"potentialAction\":[{\"@type\":\"SearchAction\",\"target\":{\"@type\":\"EntryPoint\",\"urlTemplate\":\"https:\/\/auragroupefr.sesiom.dev\/ge2s\/?s={search_term_string}\"},\"query-input\":{\"@type\":\"PropertyValueSpecification\",\"valueRequired\":true,\"valueName\":\"search_term_string\"}}],\"inLanguage\":\"fr-FR\"}]}<\/script>\n<!-- \/ Yoast SEO plugin. -->","yoast_head_json":{"title":"Demande d'Intervention- Expert en Syst\u00e8mes de S\u00e9curit\u00e9 \u00e0 Nancy","description":"D\u00e9couvrez les solutions de s\u00e9curit\u00e9 sur mesure propos\u00e9es par Aura Grand-Est, Contactez-nous d\u00e8s aujourd'hui pour des conseils personnalis\u00e9s.","robots":{"index":"noindex","follow":"follow","max-snippet":"max-snippet:-1","max-image-preview":"max-image-preview:large","max-video-preview":"max-video-preview:-1"},"og_locale":"fr_FR","og_type":"article","og_title":"Demande d'Intervention- Expert en Syst\u00e8mes de S\u00e9curit\u00e9 \u00e0 Nancy","og_description":"D\u00e9couvrez les solutions de s\u00e9curit\u00e9 sur mesure propos\u00e9es par Aura Grand-Est, Contactez-nous d\u00e8s aujourd'hui pour des conseils personnalis\u00e9s.","og_url":"https:\/\/auragroupefr.sesiom.dev\/ge2s\/intervention\/","og_site_name":"GE2S","article_modified_time":"2025-09-29T15:13:02+00:00","og_image":[{"width":2000,"height":1333,"url":"https:\/\/auragroupefr.sesiom.dev\/ge2s\/wp-content\/uploads\/sites\/4\/2025\/04\/aura-groupe_photo-40.jpg","type":"image\/jpeg"}],"twitter_card":"summary_large_image","twitter_misc":{"Dur\u00e9e de lecture estim\u00e9e":"1 minute"},"schema":{"@context":"https:\/\/schema.org","@graph":[{"@type":"WebPage","@id":"https:\/\/auragroupefr.sesiom.dev\/ge2s\/intervention\/","url":"https:\/\/auragroupefr.sesiom.dev\/ge2s\/intervention\/","name":"Demande d'Intervention- Expert en Syst\u00e8mes de S\u00e9curit\u00e9 \u00e0 Nancy","isPartOf":{"@id":"https:\/\/auragroupefr.sesiom.dev\/ge2s\/#website"},"primaryImageOfPage":{"@id":"https:\/\/auragroupefr.sesiom.dev\/ge2s\/intervention\/#primaryimage"},"image":{"@id":"https:\/\/auragroupefr.sesiom.dev\/ge2s\/intervention\/#primaryimage"},"thumbnailUrl":"https:\/\/auragroupefr.sesiom.dev\/ge2s\/wp-content\/uploads\/sites\/4\/2025\/04\/aura-groupe_photo-40.jpg","datePublished":"2025-04-10T11:52:28+00:00","dateModified":"2025-09-29T15:13:02+00:00","description":"D\u00e9couvrez les solutions de s\u00e9curit\u00e9 sur mesure propos\u00e9es par Aura Grand-Est, Contactez-nous d\u00e8s aujourd'hui pour des conseils personnalis\u00e9s.","breadcrumb":{"@id":"https:\/\/auragroupefr.sesiom.dev\/ge2s\/intervention\/#breadcrumb"},"inLanguage":"fr-FR","potentialAction":[{"@type":"ReadAction","target":["https:\/\/auragroupefr.sesiom.dev\/ge2s\/intervention\/"]}]},{"@type":"ImageObject","inLanguage":"fr-FR","@id":"https:\/\/auragroupefr.sesiom.dev\/ge2s\/intervention\/#primaryimage","url":"https:\/\/auragroupefr.sesiom.dev\/ge2s\/wp-content\/uploads\/sites\/4\/2025\/04\/aura-groupe_photo-40.jpg","contentUrl":"https:\/\/auragroupefr.sesiom.dev\/ge2s\/wp-content\/uploads\/sites\/4\/2025\/04\/aura-groupe_photo-40.jpg","width":2000,"height":1333},{"@type":"BreadcrumbList","@id":"https:\/\/auragroupefr.sesiom.dev\/ge2s\/intervention\/#breadcrumb","itemListElement":[{"@type":"ListItem","position":1,"name":"Accueil","item":"https:\/\/auragroupefr.sesiom.dev\/ge2s\/"},{"@type":"ListItem","position":2,"name":"Demande d&rsquo;intervention"}]},{"@type":"WebSite","@id":"https:\/\/auragroupefr.sesiom.dev\/ge2s\/#website","url":"https:\/\/auragroupefr.sesiom.dev\/ge2s\/","name":"Grand Est S\u00e9curit\u00e9 Syst\u00e8me","description":"La s\u00e9curit\u00e9 et l&#039;innovation pour tous","potentialAction":[{"@type":"SearchAction","target":{"@type":"EntryPoint","urlTemplate":"https:\/\/auragroupefr.sesiom.dev\/ge2s\/?s={search_term_string}"},"query-input":{"@type":"PropertyValueSpecification","valueRequired":true,"valueName":"search_term_string"}}],"inLanguage":"fr-FR"}]}},"_links":{"self":[{"href":"https:\/\/auragroupefr.sesiom.dev\/ge2s\/wp-json\/wp\/v2\/pages\/304","targetHints":{"allow":["GET"]}}],"collection":[{"href":"https:\/\/auragroupefr.sesiom.dev\/ge2s\/wp-json\/wp\/v2\/pages"}],"about":[{"href":"https:\/\/auragroupefr.sesiom.dev\/ge2s\/wp-json\/wp\/v2\/types\/page"}],"author":[{"embeddable":true,"href":"https:\/\/auragroupefr.sesiom.dev\/ge2s\/wp-json\/wp\/v2\/users\/4"}],"replies":[{"embeddable":true,"href":"https:\/\/auragroupefr.sesiom.dev\/ge2s\/wp-json\/wp\/v2\/comments?post=304"}],"version-history":[{"count":9,"href":"https:\/\/auragroupefr.sesiom.dev\/ge2s\/wp-json\/wp\/v2\/pages\/304\/revisions"}],"predecessor-version":[{"id":464,"href":"https:\/\/auragroupefr.sesiom.dev\/ge2s\/wp-json\/wp\/v2\/pages\/304\/revisions\/464"}],"wp:featuredmedia":[{"embeddable":true,"href":"https:\/\/auragroupefr.sesiom.dev\/ge2s\/wp-json\/wp\/v2\/media\/126"}],"wp:attachment":[{"href":"https:\/\/auragroupefr.sesiom.dev\/ge2s\/wp-json\/wp\/v2\/media?parent=304"}],"curies":[{"name":"wp","href":"https:\/\/api.w.org\/{rel}","templated":true}]}}