{"id":308,"date":"2025-04-10T13:52:50","date_gmt":"2025-04-10T11:52:50","guid":{"rendered":"https:\/\/auragroupefr.sesiom.dev\/ge2s\/?page_id=308"},"modified":"2025-09-29T17:13:03","modified_gmt":"2025-09-29T15:13:03","slug":"equipe","status":"publish","type":"page","link":"https:\/\/auragroupefr.sesiom.dev\/ge2s\/equipe\/","title":{"rendered":"Equipe"},"content":{"rendered":"\t\t<div data-elementor-type=\"wp-page\" data-elementor-id=\"308\" class=\"elementor elementor-308\" data-elementor-post-type=\"page\">\n\t\t\t\t<div class=\"elementor-element elementor-element-a0c49da e-con-full e-flex e-con e-parent\" data-id=\"a0c49da\" data-element_type=\"container\" data-e-type=\"container\">\n\t\t\t\t<div class=\"elementor-element elementor-element-c633dec elementor-widget elementor-widget-shortcode\" data-id=\"c633dec\" data-element_type=\"widget\" data-e-type=\"widget\" data-widget_type=\"shortcode.default\">\n\t\t\t\t<div class=\"elementor-widget-container\">\n\t\t\t\t\t\t\t<div class=\"elementor-shortcode\">\t\t<div data-elementor-type=\"container\" data-elementor-id=\"49\" class=\"elementor elementor-49\" data-elementor-post-type=\"elementor_library\">\n\t\t\t\t<div class=\"elementor-element elementor-element-392b8003 e-flex e-con-boxed e-con e-parent\" data-id=\"392b8003\" data-element_type=\"container\" data-e-type=\"container\" data-settings=\"{&quot;background_background&quot;:&quot;classic&quot;}\">\n\t\t\t\t\t<div class=\"e-con-inner\">\n\t\t<div class=\"elementor-element elementor-element-2bd118cb e-con-full e-flex e-con e-child\" data-id=\"2bd118cb\" data-element_type=\"container\" data-e-type=\"container\" data-settings=\"{&quot;background_background&quot;:&quot;classic&quot;}\">\n\t\t\t\t<div class=\"elementor-element elementor-element-544cdac7 elementor-widget__width-inherit elementor-widget elementor-widget-heading\" data-id=\"544cdac7\" data-element_type=\"widget\" data-e-type=\"widget\" data-widget_type=\"heading.default\">\n\t\t\t\t<div class=\"elementor-widget-container\">\n\t\t\t\t\t<div class=\"elementor-heading-title elementor-size-default\">D\u00e9couvrez<\/div>\t\t\t\t<\/div>\n\t\t\t\t<\/div>\n\t\t\t\t<div class=\"elementor-element elementor-element-b687769 elementor-widget__width-inherit elementor-widget elementor-widget-heading\" data-id=\"b687769\" data-element_type=\"widget\" data-e-type=\"widget\" data-widget_type=\"heading.default\">\n\t\t\t\t<div class=\"elementor-widget-container\">\n\t\t\t\t\t<h1 class=\"elementor-heading-title elementor-size-default\">L'\u00e9quipe Grand Est S\u00e9curit\u00e9 Syst\u00e8me<\/h1>\t\t\t\t<\/div>\n\t\t\t\t<\/div>\n\t\t\t\t<div class=\"elementor-element elementor-element-3a204ca elementor-widget__width-inherit elementor-widget elementor-widget-heading\" data-id=\"3a204ca\" data-element_type=\"widget\" data-e-type=\"widget\" data-widget_type=\"heading.default\">\n\t\t\t\t<div class=\"elementor-widget-container\">\n\t\t\t\t\t<h2 class=\"elementor-heading-title elementor-size-default\">Sp\u00e9cialiste en s\u00e9curit\u00e9 \u00e9lectronique pour professionnel, r\u00e9sidentiel et domotique \u00e0 Nancy<\/h2>\t\t\t\t<\/div>\n\t\t\t\t<\/div>\n\t\t\t\t<div class=\"elementor-element elementor-element-6656eed5 elementor-align-left elementor-mobile-align-left elementor-widget__width-inherit elementor-widget elementor-widget-breadcrumbs\" data-id=\"6656eed5\" data-element_type=\"widget\" data-e-type=\"widget\" data-widget_type=\"breadcrumbs.default\">\n\t\t\t\t<div class=\"elementor-widget-container\">\n\t\t\t\t\t<p id=\"breadcrumbs\"><span><span><a href=\"https:\/\/auragroupefr.sesiom.dev\/ge2s\/\">Accueil<\/a><\/span><\/span><\/p>\t\t\t\t<\/div>\n\t\t\t\t<\/div>\n\t\t\t\t<\/div>\n\t\t\t\t\t<\/div>\n\t\t\t\t<\/div>\n\t\t\t\t<\/div>\n\t\t<\/div>\n\t\t\t\t\t\t<\/div>\n\t\t\t\t<\/div>\n\t\t\t\t<\/div>\n\t\t<div class=\"elementor-element elementor-element-303024c e-flex e-con-boxed e-con e-parent\" data-id=\"303024c\" data-element_type=\"container\" data-e-type=\"container\">\n\t\t\t\t\t<div class=\"e-con-inner\">\n\t\t\t\t<div class=\"elementor-element elementor-element-114031e elementor-widget elementor-widget-heading\" data-id=\"114031e\" data-element_type=\"widget\" data-e-type=\"widget\" data-widget_type=\"heading.default\">\n\t\t\t\t<div class=\"elementor-widget-container\">\n\t\t\t\t\t<h3 class=\"elementor-heading-title elementor-size-default\">Nos membres experts<\/h3>\t\t\t\t<\/div>\n\t\t\t\t<\/div>\n\t\t\t\t<div class=\"elementor-element elementor-element-8cecd55 elementor-widget elementor-widget-heading\" data-id=\"8cecd55\" data-element_type=\"widget\" data-e-type=\"widget\" data-widget_type=\"heading.default\">\n\t\t\t\t<div class=\"elementor-widget-container\">\n\t\t\t\t\t<div class=\"elementor-heading-title elementor-size-default\">Une \u00e9quipe d\u00e9di\u00e9e, d\u00e9vou\u00e9e, \u00e0 l\u2019\u00e9coute, en \u00e9troite collaboration avec ses clients, dans l\u2019accompagnement de tous leurs projets.\n<\/div>\t\t\t\t<\/div>\n\t\t\t\t<\/div>\n\t\t<div class=\"elementor-element elementor-element-ca943ea e-flex e-con-boxed e-con e-child\" data-id=\"ca943ea\" data-element_type=\"container\" data-e-type=\"container\">\n\t\t\t\t\t<div class=\"e-con-inner\">\n\t\t<div class=\"elementor-element elementor-element-b00775e e-con-full e-flex e-con e-child\" data-id=\"b00775e\" data-element_type=\"container\" data-e-type=\"container\" data-settings=\"{&quot;background_background&quot;:&quot;classic&quot;}\">\n\t\t<div class=\"elementor-element elementor-element-2d58f8a e-flex e-con-boxed e-con e-child\" data-id=\"2d58f8a\" data-element_type=\"container\" data-e-type=\"container\">\n\t\t\t\t\t<div class=\"e-con-inner\">\n\t\t\t\t<div class=\"elementor-element elementor-element-d056969 elementor-widget__width-initial elementor-widget elementor-widget-heading\" data-id=\"d056969\" data-element_type=\"widget\" data-e-type=\"widget\" data-widget_type=\"heading.default\">\n\t\t\t\t<div class=\"elementor-widget-container\">\n\t\t\t\t\t<div class=\"elementor-heading-title elementor-size-default\">DIRECTION<\/div>\t\t\t\t<\/div>\n\t\t\t\t<\/div>\n\t\t\t\t<div class=\"elementor-element elementor-element-fe5e780 elementor-widget elementor-widget-image\" data-id=\"fe5e780\" data-element_type=\"widget\" data-e-type=\"widget\" data-widget_type=\"image.default\">\n\t\t\t\t<div class=\"elementor-widget-container\">\n\t\t\t\t\t\t\t\t\t\t\t\t\t\t\t\t<a href=\"https:\/\/auragroupefr.sesiom.dev\/ge2s\/equipe\/\">\n\t\t\t\t\t\t\t<img fetchpriority=\"high\" decoding=\"async\" width=\"800\" height=\"800\" src=\"https:\/\/auragroupefr.sesiom.dev\/ge2s\/wp-content\/uploads\/sites\/4\/2025\/04\/aura-groupe_membre-frederic-germoneau.png\" class=\"attachment-full size-full wp-image-359\" alt=\"\" srcset=\"https:\/\/auragroupefr.sesiom.dev\/ge2s\/wp-content\/uploads\/sites\/4\/2025\/04\/aura-groupe_membre-frederic-germoneau.png 800w, https:\/\/auragroupefr.sesiom.dev\/ge2s\/wp-content\/uploads\/sites\/4\/2025\/04\/aura-groupe_membre-frederic-germoneau-600x600.png 600w, https:\/\/auragroupefr.sesiom.dev\/ge2s\/wp-content\/uploads\/sites\/4\/2025\/04\/aura-groupe_membre-frederic-germoneau-300x300.png 300w, https:\/\/auragroupefr.sesiom.dev\/ge2s\/wp-content\/uploads\/sites\/4\/2025\/04\/aura-groupe_membre-frederic-germoneau-768x768.png 768w\" sizes=\"(max-width: 800px) 100vw, 800px\" \/>\t\t\t\t\t\t\t\t<\/a>\n\t\t\t\t\t\t\t\t\t\t\t\t\t\t\t<\/div>\n\t\t\t\t<\/div>\n\t\t\t\t\t<\/div>\n\t\t\t\t<\/div>\n\t\t<div class=\"elementor-element elementor-element-6812628 e-flex e-con-boxed e-con e-child\" data-id=\"6812628\" data-element_type=\"container\" data-e-type=\"container\">\n\t\t\t\t\t<div class=\"e-con-inner\">\n\t\t\t\t<div class=\"elementor-element elementor-element-674d03e elementor-widget elementor-widget-heading\" data-id=\"674d03e\" data-element_type=\"widget\" data-e-type=\"widget\" data-widget_type=\"heading.default\">\n\t\t\t\t<div class=\"elementor-widget-container\">\n\t\t\t\t\t<div class=\"elementor-heading-title elementor-size-default\">Fr\u00e9d\u00e9ric<\/div>\t\t\t\t<\/div>\n\t\t\t\t<\/div>\n\t\t\t\t<div class=\"elementor-element elementor-element-e848f9c elementor-widget elementor-widget-heading\" data-id=\"e848f9c\" data-element_type=\"widget\" data-e-type=\"widget\" data-widget_type=\"heading.default\">\n\t\t\t\t<div class=\"elementor-widget-container\">\n\t\t\t\t\t<div class=\"elementor-heading-title elementor-size-default\">Directeur g\u00e9n\u00e9ral<\/div>\t\t\t\t<\/div>\n\t\t\t\t<\/div>\n\t\t\t\t<div class=\"elementor-element elementor-element-e4dbcad elementor-widget elementor-widget-heading\" data-id=\"e4dbcad\" data-element_type=\"widget\" data-e-type=\"widget\" data-widget_type=\"heading.default\">\n\t\t\t\t<div class=\"elementor-widget-container\">\n\t\t\t\t\t<div class=\"elementor-heading-title elementor-size-default\">Fr\u00e9d\u00e9ric g\u00e8re et coordonne l\u2019ensemble des activit\u00e9s techniques et commerciales de Grand Est S\u00e9curit\u00e9 Syst\u00e8me. Fort de ses ann\u00e9es d\u2019exp\u00e9rience, il encadre et anime avec talent son \u00e9quipe, \u00e0 laquelle il transmet nos valeurs.<\/div>\t\t\t\t<\/div>\n\t\t\t\t<\/div>\n\t\t\t\t\t<\/div>\n\t\t\t\t<\/div>\n\t\t\t\t<\/div>\n\t\t<div class=\"elementor-element elementor-element-18177e2 e-con-full e-flex e-con e-child\" data-id=\"18177e2\" data-element_type=\"container\" data-e-type=\"container\" data-settings=\"{&quot;background_background&quot;:&quot;classic&quot;}\">\n\t\t<div class=\"elementor-element elementor-element-8a1e7ee e-flex e-con-boxed e-con e-child\" data-id=\"8a1e7ee\" data-element_type=\"container\" data-e-type=\"container\">\n\t\t\t\t\t<div class=\"e-con-inner\">\n\t\t\t\t<div class=\"elementor-element elementor-element-45e501a elementor-widget__width-initial elementor-widget elementor-widget-heading\" data-id=\"45e501a\" data-element_type=\"widget\" data-e-type=\"widget\" data-widget_type=\"heading.default\">\n\t\t\t\t<div class=\"elementor-widget-container\">\n\t\t\t\t\t<div class=\"elementor-heading-title elementor-size-default\">TECHNIQUE<\/div>\t\t\t\t<\/div>\n\t\t\t\t<\/div>\n\t\t\t\t<div class=\"elementor-element elementor-element-4c4cef0 elementor-widget elementor-widget-image\" data-id=\"4c4cef0\" data-element_type=\"widget\" data-e-type=\"widget\" data-widget_type=\"image.default\">\n\t\t\t\t<div class=\"elementor-widget-container\">\n\t\t\t\t\t\t\t\t\t\t\t\t\t\t\t\t<a href=\"https:\/\/auragroupefr.sesiom.dev\/ge2s\/equipe\/\">\n\t\t\t\t\t\t\t<img decoding=\"async\" width=\"800\" height=\"800\" src=\"https:\/\/auragroupefr.sesiom.dev\/ge2s\/wp-content\/uploads\/sites\/4\/2025\/04\/aura-groupe_membre-mickael-laine.png\" class=\"attachment-full size-full wp-image-360\" alt=\"\" srcset=\"https:\/\/auragroupefr.sesiom.dev\/ge2s\/wp-content\/uploads\/sites\/4\/2025\/04\/aura-groupe_membre-mickael-laine.png 800w, https:\/\/auragroupefr.sesiom.dev\/ge2s\/wp-content\/uploads\/sites\/4\/2025\/04\/aura-groupe_membre-mickael-laine-600x600.png 600w, https:\/\/auragroupefr.sesiom.dev\/ge2s\/wp-content\/uploads\/sites\/4\/2025\/04\/aura-groupe_membre-mickael-laine-300x300.png 300w, https:\/\/auragroupefr.sesiom.dev\/ge2s\/wp-content\/uploads\/sites\/4\/2025\/04\/aura-groupe_membre-mickael-laine-768x768.png 768w\" sizes=\"(max-width: 800px) 100vw, 800px\" \/>\t\t\t\t\t\t\t\t<\/a>\n\t\t\t\t\t\t\t\t\t\t\t\t\t\t\t<\/div>\n\t\t\t\t<\/div>\n\t\t\t\t\t<\/div>\n\t\t\t\t<\/div>\n\t\t<div class=\"elementor-element elementor-element-d60153b e-flex e-con-boxed e-con e-child\" data-id=\"d60153b\" data-element_type=\"container\" data-e-type=\"container\">\n\t\t\t\t\t<div class=\"e-con-inner\">\n\t\t\t\t<div class=\"elementor-element elementor-element-202bff7 elementor-widget elementor-widget-heading\" data-id=\"202bff7\" data-element_type=\"widget\" data-e-type=\"widget\" data-widget_type=\"heading.default\">\n\t\t\t\t<div class=\"elementor-widget-container\">\n\t\t\t\t\t<div class=\"elementor-heading-title elementor-size-default\">Micka\u00ebl<\/div>\t\t\t\t<\/div>\n\t\t\t\t<\/div>\n\t\t\t\t<div class=\"elementor-element elementor-element-b2526a8 elementor-widget elementor-widget-heading\" data-id=\"b2526a8\" data-element_type=\"widget\" data-e-type=\"widget\" data-widget_type=\"heading.default\">\n\t\t\t\t<div class=\"elementor-widget-container\">\n\t\t\t\t\t<div class=\"elementor-heading-title elementor-size-default\">Technicien<\/div>\t\t\t\t<\/div>\n\t\t\t\t<\/div>\n\t\t\t\t<div class=\"elementor-element elementor-element-04e7d92 elementor-widget elementor-widget-heading\" data-id=\"04e7d92\" data-element_type=\"widget\" data-e-type=\"widget\" data-widget_type=\"heading.default\">\n\t\t\t\t<div class=\"elementor-widget-container\">\n\t\t\t\t\t<div class=\"elementor-heading-title elementor-size-default\">Micka\u00ebl fait partie de l\u2019\u00e9quipe technique. Son application et \u00e7a minutie lui permettent d\u2019intervenir sur de nombreuses installations. Il effectue les visites d\u2019entretien, la mise en \u0153uvre des syst\u00e8mes ainsi que les d\u00e9pannages.<\/div>\t\t\t\t<\/div>\n\t\t\t\t<\/div>\n\t\t\t\t\t<\/div>\n\t\t\t\t<\/div>\n\t\t\t\t<\/div>\n\t\t<div class=\"elementor-element elementor-element-d4c214c e-con-full e-flex e-con e-child\" data-id=\"d4c214c\" data-element_type=\"container\" data-e-type=\"container\" data-settings=\"{&quot;background_background&quot;:&quot;classic&quot;}\">\n\t\t<div class=\"elementor-element elementor-element-408bed2 e-flex e-con-boxed e-con e-child\" data-id=\"408bed2\" data-element_type=\"container\" data-e-type=\"container\">\n\t\t\t\t\t<div class=\"e-con-inner\">\n\t\t\t\t<div class=\"elementor-element elementor-element-ed360ef elementor-widget__width-initial elementor-widget elementor-widget-heading\" data-id=\"ed360ef\" data-element_type=\"widget\" data-e-type=\"widget\" data-widget_type=\"heading.default\">\n\t\t\t\t<div class=\"elementor-widget-container\">\n\t\t\t\t\t<div class=\"elementor-heading-title elementor-size-default\">TECHNIQUE<\/div>\t\t\t\t<\/div>\n\t\t\t\t<\/div>\n\t\t\t\t<div class=\"elementor-element elementor-element-f97b4ca elementor-widget elementor-widget-image\" data-id=\"f97b4ca\" data-element_type=\"widget\" data-e-type=\"widget\" data-widget_type=\"image.default\">\n\t\t\t\t<div class=\"elementor-widget-container\">\n\t\t\t\t\t\t\t\t\t\t\t\t\t\t\t\t<a href=\"https:\/\/auragroupefr.sesiom.dev\/ge2s\/equipe\/\">\n\t\t\t\t\t\t\t<img decoding=\"async\" width=\"800\" height=\"800\" src=\"https:\/\/auragroupefr.sesiom.dev\/ge2s\/wp-content\/uploads\/sites\/4\/2025\/04\/aura-groupe_membre-herve-abuana.png\" class=\"attachment-full size-full wp-image-361\" alt=\"\" srcset=\"https:\/\/auragroupefr.sesiom.dev\/ge2s\/wp-content\/uploads\/sites\/4\/2025\/04\/aura-groupe_membre-herve-abuana.png 800w, https:\/\/auragroupefr.sesiom.dev\/ge2s\/wp-content\/uploads\/sites\/4\/2025\/04\/aura-groupe_membre-herve-abuana-600x600.png 600w, https:\/\/auragroupefr.sesiom.dev\/ge2s\/wp-content\/uploads\/sites\/4\/2025\/04\/aura-groupe_membre-herve-abuana-300x300.png 300w, https:\/\/auragroupefr.sesiom.dev\/ge2s\/wp-content\/uploads\/sites\/4\/2025\/04\/aura-groupe_membre-herve-abuana-768x768.png 768w\" sizes=\"(max-width: 800px) 100vw, 800px\" \/>\t\t\t\t\t\t\t\t<\/a>\n\t\t\t\t\t\t\t\t\t\t\t\t\t\t\t<\/div>\n\t\t\t\t<\/div>\n\t\t\t\t\t<\/div>\n\t\t\t\t<\/div>\n\t\t<div class=\"elementor-element elementor-element-d019f58 e-flex e-con-boxed e-con e-child\" data-id=\"d019f58\" data-element_type=\"container\" data-e-type=\"container\">\n\t\t\t\t\t<div class=\"e-con-inner\">\n\t\t\t\t<div class=\"elementor-element elementor-element-071afe5 elementor-widget elementor-widget-heading\" data-id=\"071afe5\" data-element_type=\"widget\" data-e-type=\"widget\" data-widget_type=\"heading.default\">\n\t\t\t\t<div class=\"elementor-widget-container\">\n\t\t\t\t\t<div class=\"elementor-heading-title elementor-size-default\">Herv\u00e9<\/div>\t\t\t\t<\/div>\n\t\t\t\t<\/div>\n\t\t\t\t<div class=\"elementor-element elementor-element-84e004a elementor-widget elementor-widget-heading\" data-id=\"84e004a\" data-element_type=\"widget\" data-e-type=\"widget\" data-widget_type=\"heading.default\">\n\t\t\t\t<div class=\"elementor-widget-container\">\n\t\t\t\t\t<div class=\"elementor-heading-title elementor-size-default\">Apprenti technicien<\/div>\t\t\t\t<\/div>\n\t\t\t\t<\/div>\n\t\t\t\t<div class=\"elementor-element elementor-element-35e6056 elementor-widget elementor-widget-heading\" data-id=\"35e6056\" data-element_type=\"widget\" data-e-type=\"widget\" data-widget_type=\"heading.default\">\n\t\t\t\t<div class=\"elementor-widget-container\">\n\t\t\t\t\t<div class=\"elementor-heading-title elementor-size-default\">Herv\u00e9 apprend chaque jour aux c\u00f4t\u00e9s de Fr\u00e9d\u00e9ric et Micka\u00ebl. Curieux et souriant, il gagne en comp\u00e9tence au fil du temps et du partage des exp\u00e9riences.<\/div>\t\t\t\t<\/div>\n\t\t\t\t<\/div>\n\t\t\t\t\t<\/div>\n\t\t\t\t<\/div>\n\t\t\t\t<\/div>\n\t\t\t\t\t<\/div>\n\t\t\t\t<\/div>\n\t\t\t\t\t<\/div>\n\t\t\t\t<\/div>\n\t\t\t\t<\/div>\n\t\t","protected":false},"excerpt":{"rendered":"<p>Nos membres experts Une \u00e9quipe d\u00e9di\u00e9e, d\u00e9vou\u00e9e, \u00e0 l\u2019\u00e9coute, en \u00e9troite collaboration avec ses clients, dans l\u2019accompagnement de tous leurs projets. DIRECTION Fr\u00e9d\u00e9ric Directeur g\u00e9n\u00e9ral Fr\u00e9d\u00e9ric g\u00e8re et coordonne l\u2019ensemble des activit\u00e9s techniques et commerciales de Grand Est S\u00e9curit\u00e9 Syst\u00e8me. Fort de ses ann\u00e9es d\u2019exp\u00e9rience, il encadre et anime avec talent son \u00e9quipe, \u00e0 laquelle [&hellip;]<\/p>\n","protected":false},"author":4,"featured_media":122,"parent":0,"menu_order":0,"comment_status":"closed","ping_status":"closed","template":"","meta":{"_acf_changed":false,"footnotes":""},"class_list":["post-308","page","type-page","status-publish","has-post-thumbnail","hentry"],"acf":[],"yoast_head":"<!-- This site is optimized with the Yoast SEO plugin v27.1.1 - https:\/\/yoast.com\/product\/yoast-seo-wordpress\/ -->\n<title>Notre \u00c9quipe - Expert en Syst\u00e8mes de S\u00e9curit\u00e9 \u00e0 Nancy<\/title>\n<meta name=\"description\" content=\"D\u00e9couvrez notre \u00e9quipe d\u00e9vou\u00e9e d&#039;experts en s\u00e9curit\u00e9. Nos professionnels qualifi\u00e9s et exp\u00e9riment\u00e9s sont l\u00e0 pour r\u00e9pondre \u00e0 vos besoins.\" \/>\n<meta name=\"robots\" content=\"noindex, follow, max-snippet:-1, max-image-preview:large, max-video-preview:-1\" \/>\n<meta property=\"og:locale\" content=\"fr_FR\" \/>\n<meta property=\"og:type\" content=\"article\" \/>\n<meta property=\"og:title\" content=\"Notre \u00c9quipe - Expert en Syst\u00e8mes de S\u00e9curit\u00e9 \u00e0 Nancy\" \/>\n<meta property=\"og:description\" content=\"D\u00e9couvrez notre \u00e9quipe d\u00e9vou\u00e9e d&#039;experts en s\u00e9curit\u00e9. Nos professionnels qualifi\u00e9s et exp\u00e9riment\u00e9s sont l\u00e0 pour r\u00e9pondre \u00e0 vos besoins.\" \/>\n<meta property=\"og:url\" content=\"https:\/\/auragroupefr.sesiom.dev\/ge2s\/equipe\/\" \/>\n<meta property=\"og:site_name\" content=\"GE2S\" \/>\n<meta property=\"article:modified_time\" content=\"2025-09-29T15:13:03+00:00\" \/>\n<meta property=\"og:image\" content=\"https:\/\/auragroupefr.sesiom.dev\/ge2s\/wp-content\/uploads\/sites\/4\/2025\/04\/aura-groupe_photo-43.jpg\" \/>\n\t<meta property=\"og:image:width\" content=\"2000\" \/>\n\t<meta property=\"og:image:height\" content=\"1335\" \/>\n\t<meta property=\"og:image:type\" content=\"image\/jpeg\" \/>\n<meta name=\"twitter:card\" content=\"summary_large_image\" \/>\n<meta name=\"twitter:label1\" content=\"Dur\u00e9e de lecture estim\u00e9e\" \/>\n\t<meta name=\"twitter:data1\" content=\"2 minutes\" \/>\n<script type=\"application\/ld+json\" class=\"yoast-schema-graph\">{\"@context\":\"https:\/\/schema.org\",\"@graph\":[{\"@type\":\"WebPage\",\"@id\":\"https:\/\/auragroupefr.sesiom.dev\/ge2s\/equipe\/\",\"url\":\"https:\/\/auragroupefr.sesiom.dev\/ge2s\/equipe\/\",\"name\":\"Notre \u00c9quipe - Expert en Syst\u00e8mes de S\u00e9curit\u00e9 \u00e0 Nancy\",\"isPartOf\":{\"@id\":\"https:\/\/auragroupefr.sesiom.dev\/ge2s\/#website\"},\"primaryImageOfPage\":{\"@id\":\"https:\/\/auragroupefr.sesiom.dev\/ge2s\/equipe\/#primaryimage\"},\"image\":{\"@id\":\"https:\/\/auragroupefr.sesiom.dev\/ge2s\/equipe\/#primaryimage\"},\"thumbnailUrl\":\"https:\/\/auragroupefr.sesiom.dev\/ge2s\/wp-content\/uploads\/sites\/4\/2025\/04\/aura-groupe_photo-43.jpg\",\"datePublished\":\"2025-04-10T11:52:50+00:00\",\"dateModified\":\"2025-09-29T15:13:03+00:00\",\"description\":\"D\u00e9couvrez notre \u00e9quipe d\u00e9vou\u00e9e d'experts en s\u00e9curit\u00e9. Nos professionnels qualifi\u00e9s et exp\u00e9riment\u00e9s sont l\u00e0 pour r\u00e9pondre \u00e0 vos besoins.\",\"breadcrumb\":{\"@id\":\"https:\/\/auragroupefr.sesiom.dev\/ge2s\/equipe\/#breadcrumb\"},\"inLanguage\":\"fr-FR\",\"potentialAction\":[{\"@type\":\"ReadAction\",\"target\":[\"https:\/\/auragroupefr.sesiom.dev\/ge2s\/equipe\/\"]}]},{\"@type\":\"ImageObject\",\"inLanguage\":\"fr-FR\",\"@id\":\"https:\/\/auragroupefr.sesiom.dev\/ge2s\/equipe\/#primaryimage\",\"url\":\"https:\/\/auragroupefr.sesiom.dev\/ge2s\/wp-content\/uploads\/sites\/4\/2025\/04\/aura-groupe_photo-43.jpg\",\"contentUrl\":\"https:\/\/auragroupefr.sesiom.dev\/ge2s\/wp-content\/uploads\/sites\/4\/2025\/04\/aura-groupe_photo-43.jpg\",\"width\":2000,\"height\":1335},{\"@type\":\"BreadcrumbList\",\"@id\":\"https:\/\/auragroupefr.sesiom.dev\/ge2s\/equipe\/#breadcrumb\",\"itemListElement\":[{\"@type\":\"ListItem\",\"position\":1,\"name\":\"Accueil\",\"item\":\"https:\/\/auragroupefr.sesiom.dev\/ge2s\/\"},{\"@type\":\"ListItem\",\"position\":2,\"name\":\"Equipe\"}]},{\"@type\":\"WebSite\",\"@id\":\"https:\/\/auragroupefr.sesiom.dev\/ge2s\/#website\",\"url\":\"https:\/\/auragroupefr.sesiom.dev\/ge2s\/\",\"name\":\"Grand Est S\u00e9curit\u00e9 Syst\u00e8me\",\"description\":\"La s\u00e9curit\u00e9 et l&#039;innovation pour tous\",\"potentialAction\":[{\"@type\":\"SearchAction\",\"target\":{\"@type\":\"EntryPoint\",\"urlTemplate\":\"https:\/\/auragroupefr.sesiom.dev\/ge2s\/?s={search_term_string}\"},\"query-input\":{\"@type\":\"PropertyValueSpecification\",\"valueRequired\":true,\"valueName\":\"search_term_string\"}}],\"inLanguage\":\"fr-FR\"}]}<\/script>\n<!-- \/ Yoast SEO plugin. -->","yoast_head_json":{"title":"Notre \u00c9quipe - Expert en Syst\u00e8mes de S\u00e9curit\u00e9 \u00e0 Nancy","description":"D\u00e9couvrez notre \u00e9quipe d\u00e9vou\u00e9e d'experts en s\u00e9curit\u00e9. Nos professionnels qualifi\u00e9s et exp\u00e9riment\u00e9s sont l\u00e0 pour r\u00e9pondre \u00e0 vos besoins.","robots":{"index":"noindex","follow":"follow","max-snippet":"max-snippet:-1","max-image-preview":"max-image-preview:large","max-video-preview":"max-video-preview:-1"},"og_locale":"fr_FR","og_type":"article","og_title":"Notre \u00c9quipe - Expert en Syst\u00e8mes de S\u00e9curit\u00e9 \u00e0 Nancy","og_description":"D\u00e9couvrez notre \u00e9quipe d\u00e9vou\u00e9e d'experts en s\u00e9curit\u00e9. Nos professionnels qualifi\u00e9s et exp\u00e9riment\u00e9s sont l\u00e0 pour r\u00e9pondre \u00e0 vos besoins.","og_url":"https:\/\/auragroupefr.sesiom.dev\/ge2s\/equipe\/","og_site_name":"GE2S","article_modified_time":"2025-09-29T15:13:03+00:00","og_image":[{"width":2000,"height":1335,"url":"https:\/\/auragroupefr.sesiom.dev\/ge2s\/wp-content\/uploads\/sites\/4\/2025\/04\/aura-groupe_photo-43.jpg","type":"image\/jpeg"}],"twitter_card":"summary_large_image","twitter_misc":{"Dur\u00e9e de lecture estim\u00e9e":"2 minutes"},"schema":{"@context":"https:\/\/schema.org","@graph":[{"@type":"WebPage","@id":"https:\/\/auragroupefr.sesiom.dev\/ge2s\/equipe\/","url":"https:\/\/auragroupefr.sesiom.dev\/ge2s\/equipe\/","name":"Notre \u00c9quipe - Expert en Syst\u00e8mes de S\u00e9curit\u00e9 \u00e0 Nancy","isPartOf":{"@id":"https:\/\/auragroupefr.sesiom.dev\/ge2s\/#website"},"primaryImageOfPage":{"@id":"https:\/\/auragroupefr.sesiom.dev\/ge2s\/equipe\/#primaryimage"},"image":{"@id":"https:\/\/auragroupefr.sesiom.dev\/ge2s\/equipe\/#primaryimage"},"thumbnailUrl":"https:\/\/auragroupefr.sesiom.dev\/ge2s\/wp-content\/uploads\/sites\/4\/2025\/04\/aura-groupe_photo-43.jpg","datePublished":"2025-04-10T11:52:50+00:00","dateModified":"2025-09-29T15:13:03+00:00","description":"D\u00e9couvrez notre \u00e9quipe d\u00e9vou\u00e9e d'experts en s\u00e9curit\u00e9. Nos professionnels qualifi\u00e9s et exp\u00e9riment\u00e9s sont l\u00e0 pour r\u00e9pondre \u00e0 vos besoins.","breadcrumb":{"@id":"https:\/\/auragroupefr.sesiom.dev\/ge2s\/equipe\/#breadcrumb"},"inLanguage":"fr-FR","potentialAction":[{"@type":"ReadAction","target":["https:\/\/auragroupefr.sesiom.dev\/ge2s\/equipe\/"]}]},{"@type":"ImageObject","inLanguage":"fr-FR","@id":"https:\/\/auragroupefr.sesiom.dev\/ge2s\/equipe\/#primaryimage","url":"https:\/\/auragroupefr.sesiom.dev\/ge2s\/wp-content\/uploads\/sites\/4\/2025\/04\/aura-groupe_photo-43.jpg","contentUrl":"https:\/\/auragroupefr.sesiom.dev\/ge2s\/wp-content\/uploads\/sites\/4\/2025\/04\/aura-groupe_photo-43.jpg","width":2000,"height":1335},{"@type":"BreadcrumbList","@id":"https:\/\/auragroupefr.sesiom.dev\/ge2s\/equipe\/#breadcrumb","itemListElement":[{"@type":"ListItem","position":1,"name":"Accueil","item":"https:\/\/auragroupefr.sesiom.dev\/ge2s\/"},{"@type":"ListItem","position":2,"name":"Equipe"}]},{"@type":"WebSite","@id":"https:\/\/auragroupefr.sesiom.dev\/ge2s\/#website","url":"https:\/\/auragroupefr.sesiom.dev\/ge2s\/","name":"Grand Est S\u00e9curit\u00e9 Syst\u00e8me","description":"La s\u00e9curit\u00e9 et l&#039;innovation pour tous","potentialAction":[{"@type":"SearchAction","target":{"@type":"EntryPoint","urlTemplate":"https:\/\/auragroupefr.sesiom.dev\/ge2s\/?s={search_term_string}"},"query-input":{"@type":"PropertyValueSpecification","valueRequired":true,"valueName":"search_term_string"}}],"inLanguage":"fr-FR"}]}},"_links":{"self":[{"href":"https:\/\/auragroupefr.sesiom.dev\/ge2s\/wp-json\/wp\/v2\/pages\/308","targetHints":{"allow":["GET"]}}],"collection":[{"href":"https:\/\/auragroupefr.sesiom.dev\/ge2s\/wp-json\/wp\/v2\/pages"}],"about":[{"href":"https:\/\/auragroupefr.sesiom.dev\/ge2s\/wp-json\/wp\/v2\/types\/page"}],"author":[{"embeddable":true,"href":"https:\/\/auragroupefr.sesiom.dev\/ge2s\/wp-json\/wp\/v2\/users\/4"}],"replies":[{"embeddable":true,"href":"https:\/\/auragroupefr.sesiom.dev\/ge2s\/wp-json\/wp\/v2\/comments?post=308"}],"version-history":[{"count":11,"href":"https:\/\/auragroupefr.sesiom.dev\/ge2s\/wp-json\/wp\/v2\/pages\/308\/revisions"}],"predecessor-version":[{"id":518,"href":"https:\/\/auragroupefr.sesiom.dev\/ge2s\/wp-json\/wp\/v2\/pages\/308\/revisions\/518"}],"wp:featuredmedia":[{"embeddable":true,"href":"https:\/\/auragroupefr.sesiom.dev\/ge2s\/wp-json\/wp\/v2\/media\/122"}],"wp:attachment":[{"href":"https:\/\/auragroupefr.sesiom.dev\/ge2s\/wp-json\/wp\/v2\/media?parent=308"}],"curies":[{"name":"wp","href":"https:\/\/api.w.org\/{rel}","templated":true}]}}